{"id":1109,"date":"2025-10-01T11:27:40","date_gmt":"2025-10-01T08:27:40","guid":{"rendered":"https:\/\/akdenizuniversiteyurt.com\/?page_id=1109"},"modified":"2025-10-01T11:46:22","modified_gmt":"2025-10-01T08:46:22","slug":"7-24-sicak-su","status":"publish","type":"page","link":"https:\/\/akdenizuniversiteyurt.com\/index.php\/7-24-sicak-su\/","title":{"rendered":"7\/24 S\u0131cak Su"},"content":{"rendered":"\n<p><strong>7\/24 S\u0131cak Su Konforu<\/strong><br>Yurtlar\u0131m\u0131zda \u00f6\u011frencilerimizin ihtiya\u00e7lar\u0131n\u0131 her an kar\u015f\u0131layabilmesi i\u00e7in 7 g\u00fcn 24 saat kesintisiz s\u0131cak su hizmeti sunulmaktad\u0131r. G\u00fcn\u00fcn hangi saati olursa olsun, \u00f6\u011frencilerimiz g\u00fcvenle ve rahatl\u0131kla banyolar\u0131n\u0131 yapabilir, ders veya sosyal aktivitelerden sonra dinlenmenin keyfini \u00e7\u0131karabilirler. Konforlu ya\u015fam alanlar\u0131m\u0131zda hijyen ve rahatl\u0131k her zaman \u00f6nceli\u011fimizdir.<\/p>\n","protected":false},"excerpt":{"rendered":"<p>7\/24 S\u0131cak Su KonforuYurtlar\u0131m\u0131zda \u00f6\u011frencilerimizin ihtiya\u00e7lar\u0131n\u0131 her an kar\u015f\u0131layabilmesi i\u00e7in 7 g\u00fcn 24 saat kesintisiz s\u0131cak su hizmeti sunulmaktad\u0131r. G\u00fcn\u00fcn hangi saati olursa olsun, \u00f6\u011frencilerimiz&hellip;<\/p>\n","protected":false},"author":6,"featured_media":1111,"parent":0,"menu_order":0,"comment_status":"closed","ping_status":"closed","template":"","meta":{"pgc_sgb_lightbox_settings":"","footnotes":""},"class_list":["post-1109","page","type-page","status-publish","has-post-thumbnail","hentry"],"yoast_head":"<!-- This site is optimized with the Yoast SEO plugin v20.13 - https:\/\/yoast.com\/wordpress\/plugins\/seo\/ -->\n<title>7\/24 S\u0131cak Su - Akdeniz \u00dcniversite Yurt<\/title>\n<meta name=\"robots\" content=\"index, follow, max-snippet:-1, max-image-preview:large, max-video-preview:-1\" \/>\n<link rel=\"canonical\" href=\"https:\/\/akdenizuniversiteyurt.com\/index.php\/7-24-sicak-su\/\" \/>\n<meta property=\"og:locale\" content=\"tr_TR\" \/>\n<meta property=\"og:type\" content=\"article\" \/>\n<meta property=\"og:title\" content=\"7\/24 S\u0131cak Su - Akdeniz \u00dcniversite Yurt\" \/>\n<meta property=\"og:description\" content=\"7\/24 S\u0131cak Su KonforuYurtlar\u0131m\u0131zda \u00f6\u011frencilerimizin ihtiya\u00e7lar\u0131n\u0131 her an kar\u015f\u0131layabilmesi i\u00e7in 7 g\u00fcn 24 saat kesintisiz s\u0131cak su hizmeti sunulmaktad\u0131r. G\u00fcn\u00fcn hangi saati olursa olsun, \u00f6\u011frencilerimiz&hellip;\" \/>\n<meta property=\"og:url\" content=\"https:\/\/akdenizuniversiteyurt.com\/index.php\/7-24-sicak-su\/\" \/>\n<meta property=\"og:site_name\" content=\"Akdeniz \u00dcniversite Yurt\" \/>\n<meta property=\"article:modified_time\" content=\"2025-10-01T08:46:22+00:00\" \/>\n<meta property=\"og:image\" content=\"http:\/\/akdenizuniversiteyurt.com\/wp-content\/uploads\/2025\/10\/7-24-sicak-su.png\" \/>\n\t<meta property=\"og:image:width\" content=\"1024\" \/>\n\t<meta property=\"og:image:height\" content=\"1024\" \/>\n\t<meta property=\"og:image:type\" content=\"image\/png\" \/>\n<meta name=\"twitter:card\" content=\"summary_large_image\" \/>\n<meta name=\"twitter:label1\" content=\"Tahmini okuma s\u00fcresi\" \/>\n\t<meta name=\"twitter:data1\" content=\"1 dakika\" \/>\n<script type=\"application\/ld+json\" class=\"yoast-schema-graph\">{\"@context\":\"https:\/\/schema.org\",\"@graph\":[{\"@type\":\"WebPage\",\"@id\":\"https:\/\/akdenizuniversiteyurt.com\/index.php\/7-24-sicak-su\/\",\"url\":\"https:\/\/akdenizuniversiteyurt.com\/index.php\/7-24-sicak-su\/\",\"name\":\"7\/24 S\u0131cak Su - Akdeniz \u00dcniversite Yurt\",\"isPartOf\":{\"@id\":\"https:\/\/akdenizuniversiteyurt.com\/#website\"},\"datePublished\":\"2025-10-01T08:27:40+00:00\",\"dateModified\":\"2025-10-01T08:46:22+00:00\",\"breadcrumb\":{\"@id\":\"https:\/\/akdenizuniversiteyurt.com\/index.php\/7-24-sicak-su\/#breadcrumb\"},\"inLanguage\":\"tr\",\"potentialAction\":[{\"@type\":\"ReadAction\",\"target\":[\"https:\/\/akdenizuniversiteyurt.com\/index.php\/7-24-sicak-su\/\"]}]},{\"@type\":\"BreadcrumbList\",\"@id\":\"https:\/\/akdenizuniversiteyurt.com\/index.php\/7-24-sicak-su\/#breadcrumb\",\"itemListElement\":[{\"@type\":\"ListItem\",\"position\":1,\"name\":\"Ana sayfa\",\"item\":\"https:\/\/akdenizuniversiteyurt.com\/\"},{\"@type\":\"ListItem\",\"position\":2,\"name\":\"7\/24 S\u0131cak Su\"}]},{\"@type\":\"WebSite\",\"@id\":\"https:\/\/akdenizuniversiteyurt.com\/#website\",\"url\":\"https:\/\/akdenizuniversiteyurt.com\/\",\"name\":\"Akdeniz \u00dcniversite Yurt\",\"description\":\"\",\"publisher\":{\"@id\":\"https:\/\/akdenizuniversiteyurt.com\/#organization\"},\"potentialAction\":[{\"@type\":\"SearchAction\",\"target\":{\"@type\":\"EntryPoint\",\"urlTemplate\":\"https:\/\/akdenizuniversiteyurt.com\/?s={search_term_string}\"},\"query-input\":\"required name=search_term_string\"}],\"inLanguage\":\"tr\"},{\"@type\":\"Organization\",\"@id\":\"https:\/\/akdenizuniversiteyurt.com\/#organization\",\"name\":\"Akdeniz \u00dcniversite Yurt\",\"url\":\"https:\/\/akdenizuniversiteyurt.com\/\",\"logo\":{\"@type\":\"ImageObject\",\"inLanguage\":\"tr\",\"@id\":\"https:\/\/akdenizuniversiteyurt.com\/#\/schema\/logo\/image\/\",\"url\":\"https:\/\/akdenizuniversiteyurt.com\/wp-content\/uploads\/2020\/10\/auy-logo.gif\",\"contentUrl\":\"https:\/\/akdenizuniversiteyurt.com\/wp-content\/uploads\/2020\/10\/auy-logo.gif\",\"width\":500,\"height\":496,\"caption\":\"Akdeniz \u00dcniversite Yurt\"},\"image\":{\"@id\":\"https:\/\/akdenizuniversiteyurt.com\/#\/schema\/logo\/image\/\"}}]}<\/script>\n<!-- \/ Yoast SEO plugin. -->","yoast_head_json":{"title":"7\/24 S\u0131cak Su - Akdeniz \u00dcniversite Yurt","robots":{"index":"index","follow":"follow","max-snippet":"max-snippet:-1","max-image-preview":"max-image-preview:large","max-video-preview":"max-video-preview:-1"},"canonical":"https:\/\/akdenizuniversiteyurt.com\/index.php\/7-24-sicak-su\/","og_locale":"tr_TR","og_type":"article","og_title":"7\/24 S\u0131cak Su - Akdeniz \u00dcniversite Yurt","og_description":"7\/24 S\u0131cak Su KonforuYurtlar\u0131m\u0131zda \u00f6\u011frencilerimizin ihtiya\u00e7lar\u0131n\u0131 her an kar\u015f\u0131layabilmesi i\u00e7in 7 g\u00fcn 24 saat kesintisiz s\u0131cak su hizmeti sunulmaktad\u0131r. G\u00fcn\u00fcn hangi saati olursa olsun, \u00f6\u011frencilerimiz&hellip;","og_url":"https:\/\/akdenizuniversiteyurt.com\/index.php\/7-24-sicak-su\/","og_site_name":"Akdeniz \u00dcniversite Yurt","article_modified_time":"2025-10-01T08:46:22+00:00","og_image":[{"width":1024,"height":1024,"url":"http:\/\/akdenizuniversiteyurt.com\/wp-content\/uploads\/2025\/10\/7-24-sicak-su.png","type":"image\/png"}],"twitter_card":"summary_large_image","twitter_misc":{"Tahmini okuma s\u00fcresi":"1 dakika"},"schema":{"@context":"https:\/\/schema.org","@graph":[{"@type":"WebPage","@id":"https:\/\/akdenizuniversiteyurt.com\/index.php\/7-24-sicak-su\/","url":"https:\/\/akdenizuniversiteyurt.com\/index.php\/7-24-sicak-su\/","name":"7\/24 S\u0131cak Su - Akdeniz \u00dcniversite Yurt","isPartOf":{"@id":"https:\/\/akdenizuniversiteyurt.com\/#website"},"datePublished":"2025-10-01T08:27:40+00:00","dateModified":"2025-10-01T08:46:22+00:00","breadcrumb":{"@id":"https:\/\/akdenizuniversiteyurt.com\/index.php\/7-24-sicak-su\/#breadcrumb"},"inLanguage":"tr","potentialAction":[{"@type":"ReadAction","target":["https:\/\/akdenizuniversiteyurt.com\/index.php\/7-24-sicak-su\/"]}]},{"@type":"BreadcrumbList","@id":"https:\/\/akdenizuniversiteyurt.com\/index.php\/7-24-sicak-su\/#breadcrumb","itemListElement":[{"@type":"ListItem","position":1,"name":"Ana sayfa","item":"https:\/\/akdenizuniversiteyurt.com\/"},{"@type":"ListItem","position":2,"name":"7\/24 S\u0131cak Su"}]},{"@type":"WebSite","@id":"https:\/\/akdenizuniversiteyurt.com\/#website","url":"https:\/\/akdenizuniversiteyurt.com\/","name":"Akdeniz \u00dcniversite Yurt","description":"","publisher":{"@id":"https:\/\/akdenizuniversiteyurt.com\/#organization"},"potentialAction":[{"@type":"SearchAction","target":{"@type":"EntryPoint","urlTemplate":"https:\/\/akdenizuniversiteyurt.com\/?s={search_term_string}"},"query-input":"required name=search_term_string"}],"inLanguage":"tr"},{"@type":"Organization","@id":"https:\/\/akdenizuniversiteyurt.com\/#organization","name":"Akdeniz \u00dcniversite Yurt","url":"https:\/\/akdenizuniversiteyurt.com\/","logo":{"@type":"ImageObject","inLanguage":"tr","@id":"https:\/\/akdenizuniversiteyurt.com\/#\/schema\/logo\/image\/","url":"https:\/\/akdenizuniversiteyurt.com\/wp-content\/uploads\/2020\/10\/auy-logo.gif","contentUrl":"https:\/\/akdenizuniversiteyurt.com\/wp-content\/uploads\/2020\/10\/auy-logo.gif","width":500,"height":496,"caption":"Akdeniz \u00dcniversite Yurt"},"image":{"@id":"https:\/\/akdenizuniversiteyurt.com\/#\/schema\/logo\/image\/"}}]}},"_links":{"self":[{"href":"https:\/\/akdenizuniversiteyurt.com\/index.php\/wp-json\/wp\/v2\/pages\/1109","targetHints":{"allow":["GET"]}}],"collection":[{"href":"https:\/\/akdenizuniversiteyurt.com\/index.php\/wp-json\/wp\/v2\/pages"}],"about":[{"href":"https:\/\/akdenizuniversiteyurt.com\/index.php\/wp-json\/wp\/v2\/types\/page"}],"author":[{"embeddable":true,"href":"https:\/\/akdenizuniversiteyurt.com\/index.php\/wp-json\/wp\/v2\/users\/6"}],"replies":[{"embeddable":true,"href":"https:\/\/akdenizuniversiteyurt.com\/index.php\/wp-json\/wp\/v2\/comments?post=1109"}],"version-history":[{"count":2,"href":"https:\/\/akdenizuniversiteyurt.com\/index.php\/wp-json\/wp\/v2\/pages\/1109\/revisions"}],"predecessor-version":[{"id":1139,"href":"https:\/\/akdenizuniversiteyurt.com\/index.php\/wp-json\/wp\/v2\/pages\/1109\/revisions\/1139"}],"wp:featuredmedia":[{"embeddable":true,"href":"https:\/\/akdenizuniversiteyurt.com\/index.php\/wp-json\/wp\/v2\/media\/1111"}],"wp:attachment":[{"href":"https:\/\/akdenizuniversiteyurt.com\/index.php\/wp-json\/wp\/v2\/media?parent=1109"}],"curies":[{"name":"wp","href":"https:\/\/api.w.org\/{rel}","templated":true}]}}