{"id":1125,"date":"2025-10-01T11:32:13","date_gmt":"2025-10-01T08:32:13","guid":{"rendered":"https:\/\/akdenizuniversiteyurt.com\/?page_id=1125"},"modified":"2025-10-01T11:48:29","modified_gmt":"2025-10-01T08:48:29","slug":"ozel-cay-ocagi","status":"publish","type":"page","link":"https:\/\/akdenizuniversiteyurt.com\/index.php\/ozel-cay-ocagi\/","title":{"rendered":"\u00d6zel \u00c7ay Oca\u011f\u0131"},"content":{"rendered":"\n<p><strong>\u00d6zel \u00c7ay Oca\u011f\u0131 Keyfi<\/strong><br>Yurtlar\u0131m\u0131zda \u00f6\u011frencilerimizin g\u00fcn\u00fcn her an\u0131nda s\u0131cak bir mola verebilmesi i\u00e7in \u00f6zel \u00e7ay oca\u011f\u0131 hizmeti bulunmaktad\u0131r. Ders aralar\u0131nda, et\u00fct sonras\u0131nda ya da arkada\u015f sohbetlerinde, taptaze demlenmi\u015f \u00e7ay ile samimi bir ortamda keyifli vakit ge\u00e7irebilirsiniz. \u00c7ay oca\u011f\u0131m\u0131z, \u00f6\u011frencilerimize ev s\u0131cakl\u0131\u011f\u0131n\u0131 aratmayan bir bulu\u015fma noktas\u0131 sunar.<\/p>\n","protected":false},"excerpt":{"rendered":"<p>\u00d6zel \u00c7ay Oca\u011f\u0131 KeyfiYurtlar\u0131m\u0131zda \u00f6\u011frencilerimizin g\u00fcn\u00fcn her an\u0131nda s\u0131cak bir mola verebilmesi i\u00e7in \u00f6zel \u00e7ay oca\u011f\u0131 hizmeti bulunmaktad\u0131r. Ders aralar\u0131nda, et\u00fct sonras\u0131nda ya da arkada\u015f&hellip;<\/p>\n","protected":false},"author":6,"featured_media":1126,"parent":0,"menu_order":0,"comment_status":"closed","ping_status":"closed","template":"","meta":{"pgc_sgb_lightbox_settings":"","footnotes":""},"class_list":["post-1125","page","type-page","status-publish","has-post-thumbnail","hentry"],"yoast_head":"<!-- This site is optimized with the Yoast SEO plugin v20.13 - https:\/\/yoast.com\/wordpress\/plugins\/seo\/ -->\n<title>\u00d6zel \u00c7ay Oca\u011f\u0131 - Akdeniz \u00dcniversite Yurt<\/title>\n<meta name=\"robots\" content=\"index, follow, max-snippet:-1, max-image-preview:large, max-video-preview:-1\" \/>\n<link rel=\"canonical\" href=\"https:\/\/akdenizuniversiteyurt.com\/index.php\/ozel-cay-ocagi\/\" \/>\n<meta property=\"og:locale\" content=\"tr_TR\" \/>\n<meta property=\"og:type\" content=\"article\" \/>\n<meta property=\"og:title\" content=\"\u00d6zel \u00c7ay Oca\u011f\u0131 - Akdeniz \u00dcniversite Yurt\" \/>\n<meta property=\"og:description\" content=\"\u00d6zel \u00c7ay Oca\u011f\u0131 KeyfiYurtlar\u0131m\u0131zda \u00f6\u011frencilerimizin g\u00fcn\u00fcn her an\u0131nda s\u0131cak bir mola verebilmesi i\u00e7in \u00f6zel \u00e7ay oca\u011f\u0131 hizmeti bulunmaktad\u0131r. Ders aralar\u0131nda, et\u00fct sonras\u0131nda ya da arkada\u015f&hellip;\" \/>\n<meta property=\"og:url\" content=\"https:\/\/akdenizuniversiteyurt.com\/index.php\/ozel-cay-ocagi\/\" \/>\n<meta property=\"og:site_name\" content=\"Akdeniz \u00dcniversite Yurt\" \/>\n<meta property=\"article:modified_time\" content=\"2025-10-01T08:48:29+00:00\" \/>\n<meta property=\"og:image\" content=\"http:\/\/akdenizuniversiteyurt.com\/wp-content\/uploads\/2025\/10\/ozel-cay-ocagi.png\" \/>\n\t<meta property=\"og:image:width\" content=\"1024\" \/>\n\t<meta property=\"og:image:height\" content=\"1024\" \/>\n\t<meta property=\"og:image:type\" content=\"image\/png\" \/>\n<meta name=\"twitter:card\" content=\"summary_large_image\" \/>\n<script type=\"application\/ld+json\" class=\"yoast-schema-graph\">{\"@context\":\"https:\/\/schema.org\",\"@graph\":[{\"@type\":\"WebPage\",\"@id\":\"https:\/\/akdenizuniversiteyurt.com\/index.php\/ozel-cay-ocagi\/\",\"url\":\"https:\/\/akdenizuniversiteyurt.com\/index.php\/ozel-cay-ocagi\/\",\"name\":\"\u00d6zel \u00c7ay Oca\u011f\u0131 - Akdeniz \u00dcniversite Yurt\",\"isPartOf\":{\"@id\":\"https:\/\/akdenizuniversiteyurt.com\/#website\"},\"datePublished\":\"2025-10-01T08:32:13+00:00\",\"dateModified\":\"2025-10-01T08:48:29+00:00\",\"breadcrumb\":{\"@id\":\"https:\/\/akdenizuniversiteyurt.com\/index.php\/ozel-cay-ocagi\/#breadcrumb\"},\"inLanguage\":\"tr\",\"potentialAction\":[{\"@type\":\"ReadAction\",\"target\":[\"https:\/\/akdenizuniversiteyurt.com\/index.php\/ozel-cay-ocagi\/\"]}]},{\"@type\":\"BreadcrumbList\",\"@id\":\"https:\/\/akdenizuniversiteyurt.com\/index.php\/ozel-cay-ocagi\/#breadcrumb\",\"itemListElement\":[{\"@type\":\"ListItem\",\"position\":1,\"name\":\"Ana sayfa\",\"item\":\"https:\/\/akdenizuniversiteyurt.com\/\"},{\"@type\":\"ListItem\",\"position\":2,\"name\":\"\u00d6zel \u00c7ay Oca\u011f\u0131\"}]},{\"@type\":\"WebSite\",\"@id\":\"https:\/\/akdenizuniversiteyurt.com\/#website\",\"url\":\"https:\/\/akdenizuniversiteyurt.com\/\",\"name\":\"Akdeniz \u00dcniversite Yurt\",\"description\":\"\",\"publisher\":{\"@id\":\"https:\/\/akdenizuniversiteyurt.com\/#organization\"},\"potentialAction\":[{\"@type\":\"SearchAction\",\"target\":{\"@type\":\"EntryPoint\",\"urlTemplate\":\"https:\/\/akdenizuniversiteyurt.com\/?s={search_term_string}\"},\"query-input\":\"required name=search_term_string\"}],\"inLanguage\":\"tr\"},{\"@type\":\"Organization\",\"@id\":\"https:\/\/akdenizuniversiteyurt.com\/#organization\",\"name\":\"Akdeniz \u00dcniversite Yurt\",\"url\":\"https:\/\/akdenizuniversiteyurt.com\/\",\"logo\":{\"@type\":\"ImageObject\",\"inLanguage\":\"tr\",\"@id\":\"https:\/\/akdenizuniversiteyurt.com\/#\/schema\/logo\/image\/\",\"url\":\"https:\/\/akdenizuniversiteyurt.com\/wp-content\/uploads\/2020\/10\/auy-logo.gif\",\"contentUrl\":\"https:\/\/akdenizuniversiteyurt.com\/wp-content\/uploads\/2020\/10\/auy-logo.gif\",\"width\":500,\"height\":496,\"caption\":\"Akdeniz \u00dcniversite Yurt\"},\"image\":{\"@id\":\"https:\/\/akdenizuniversiteyurt.com\/#\/schema\/logo\/image\/\"}}]}<\/script>\n<!-- \/ Yoast SEO plugin. -->","yoast_head_json":{"title":"\u00d6zel \u00c7ay Oca\u011f\u0131 - Akdeniz \u00dcniversite Yurt","robots":{"index":"index","follow":"follow","max-snippet":"max-snippet:-1","max-image-preview":"max-image-preview:large","max-video-preview":"max-video-preview:-1"},"canonical":"https:\/\/akdenizuniversiteyurt.com\/index.php\/ozel-cay-ocagi\/","og_locale":"tr_TR","og_type":"article","og_title":"\u00d6zel \u00c7ay Oca\u011f\u0131 - Akdeniz \u00dcniversite Yurt","og_description":"\u00d6zel \u00c7ay Oca\u011f\u0131 KeyfiYurtlar\u0131m\u0131zda \u00f6\u011frencilerimizin g\u00fcn\u00fcn her an\u0131nda s\u0131cak bir mola verebilmesi i\u00e7in \u00f6zel \u00e7ay oca\u011f\u0131 hizmeti bulunmaktad\u0131r. Ders aralar\u0131nda, et\u00fct sonras\u0131nda ya da arkada\u015f&hellip;","og_url":"https:\/\/akdenizuniversiteyurt.com\/index.php\/ozel-cay-ocagi\/","og_site_name":"Akdeniz \u00dcniversite Yurt","article_modified_time":"2025-10-01T08:48:29+00:00","og_image":[{"width":1024,"height":1024,"url":"http:\/\/akdenizuniversiteyurt.com\/wp-content\/uploads\/2025\/10\/ozel-cay-ocagi.png","type":"image\/png"}],"twitter_card":"summary_large_image","schema":{"@context":"https:\/\/schema.org","@graph":[{"@type":"WebPage","@id":"https:\/\/akdenizuniversiteyurt.com\/index.php\/ozel-cay-ocagi\/","url":"https:\/\/akdenizuniversiteyurt.com\/index.php\/ozel-cay-ocagi\/","name":"\u00d6zel \u00c7ay Oca\u011f\u0131 - Akdeniz \u00dcniversite Yurt","isPartOf":{"@id":"https:\/\/akdenizuniversiteyurt.com\/#website"},"datePublished":"2025-10-01T08:32:13+00:00","dateModified":"2025-10-01T08:48:29+00:00","breadcrumb":{"@id":"https:\/\/akdenizuniversiteyurt.com\/index.php\/ozel-cay-ocagi\/#breadcrumb"},"inLanguage":"tr","potentialAction":[{"@type":"ReadAction","target":["https:\/\/akdenizuniversiteyurt.com\/index.php\/ozel-cay-ocagi\/"]}]},{"@type":"BreadcrumbList","@id":"https:\/\/akdenizuniversiteyurt.com\/index.php\/ozel-cay-ocagi\/#breadcrumb","itemListElement":[{"@type":"ListItem","position":1,"name":"Ana sayfa","item":"https:\/\/akdenizuniversiteyurt.com\/"},{"@type":"ListItem","position":2,"name":"\u00d6zel \u00c7ay Oca\u011f\u0131"}]},{"@type":"WebSite","@id":"https:\/\/akdenizuniversiteyurt.com\/#website","url":"https:\/\/akdenizuniversiteyurt.com\/","name":"Akdeniz \u00dcniversite Yurt","description":"","publisher":{"@id":"https:\/\/akdenizuniversiteyurt.com\/#organization"},"potentialAction":[{"@type":"SearchAction","target":{"@type":"EntryPoint","urlTemplate":"https:\/\/akdenizuniversiteyurt.com\/?s={search_term_string}"},"query-input":"required name=search_term_string"}],"inLanguage":"tr"},{"@type":"Organization","@id":"https:\/\/akdenizuniversiteyurt.com\/#organization","name":"Akdeniz \u00dcniversite Yurt","url":"https:\/\/akdenizuniversiteyurt.com\/","logo":{"@type":"ImageObject","inLanguage":"tr","@id":"https:\/\/akdenizuniversiteyurt.com\/#\/schema\/logo\/image\/","url":"https:\/\/akdenizuniversiteyurt.com\/wp-content\/uploads\/2020\/10\/auy-logo.gif","contentUrl":"https:\/\/akdenizuniversiteyurt.com\/wp-content\/uploads\/2020\/10\/auy-logo.gif","width":500,"height":496,"caption":"Akdeniz \u00dcniversite Yurt"},"image":{"@id":"https:\/\/akdenizuniversiteyurt.com\/#\/schema\/logo\/image\/"}}]}},"_links":{"self":[{"href":"https:\/\/akdenizuniversiteyurt.com\/index.php\/wp-json\/wp\/v2\/pages\/1125","targetHints":{"allow":["GET"]}}],"collection":[{"href":"https:\/\/akdenizuniversiteyurt.com\/index.php\/wp-json\/wp\/v2\/pages"}],"about":[{"href":"https:\/\/akdenizuniversiteyurt.com\/index.php\/wp-json\/wp\/v2\/types\/page"}],"author":[{"embeddable":true,"href":"https:\/\/akdenizuniversiteyurt.com\/index.php\/wp-json\/wp\/v2\/users\/6"}],"replies":[{"embeddable":true,"href":"https:\/\/akdenizuniversiteyurt.com\/index.php\/wp-json\/wp\/v2\/comments?post=1125"}],"version-history":[{"count":2,"href":"https:\/\/akdenizuniversiteyurt.com\/index.php\/wp-json\/wp\/v2\/pages\/1125\/revisions"}],"predecessor-version":[{"id":1141,"href":"https:\/\/akdenizuniversiteyurt.com\/index.php\/wp-json\/wp\/v2\/pages\/1125\/revisions\/1141"}],"wp:featuredmedia":[{"embeddable":true,"href":"https:\/\/akdenizuniversiteyurt.com\/index.php\/wp-json\/wp\/v2\/media\/1126"}],"wp:attachment":[{"href":"https:\/\/akdenizuniversiteyurt.com\/index.php\/wp-json\/wp\/v2\/media?parent=1125"}],"curies":[{"name":"wp","href":"https:\/\/api.w.org\/{rel}","templated":true}]}}