{"id":1128,"date":"2025-10-01T11:33:17","date_gmt":"2025-10-01T08:33:17","guid":{"rendered":"https:\/\/akdenizuniversiteyurt.com\/?page_id=1128"},"modified":"2025-10-01T11:49:18","modified_gmt":"2025-10-01T08:49:18","slug":"dinlenme-salonu","status":"publish","type":"page","link":"https:\/\/akdenizuniversiteyurt.com\/index.php\/dinlenme-salonu\/","title":{"rendered":"Dinlenme Salonu"},"content":{"rendered":"\n<p><strong>Rahat ve Konforlu Dinlenme Salonlar\u0131<\/strong><br>Yurtlar\u0131m\u0131zda \u00f6\u011frencilerimizin ders yo\u011funlu\u011fundan uzakla\u015f\u0131p keyifli vakit ge\u00e7irebilmeleri i\u00e7in \u00f6zel olarak tasarlanm\u0131\u015f dinlenme salonlar\u0131 bulunmaktad\u0131r. Geni\u015f ve ferah alanlarda televizyon izleyebilir, arkada\u015flar\u0131n\u0131zla sohbet edebilir ya da sadece dinlenerek g\u00fcn\u00fcn yorgunlu\u011funu atabilirsiniz. Konforlu oturma gruplar\u0131 ve s\u0131cak bir ortam ile dinlenme salonlar\u0131m\u0131z, \u00f6\u011frencilerimizin sosyal ve rahat bir ya\u015fam alan\u0131 sunar.<\/p>\n","protected":false},"excerpt":{"rendered":"<p>Rahat ve Konforlu Dinlenme Salonlar\u0131Yurtlar\u0131m\u0131zda \u00f6\u011frencilerimizin ders yo\u011funlu\u011fundan uzakla\u015f\u0131p keyifli vakit ge\u00e7irebilmeleri i\u00e7in \u00f6zel olarak tasarlanm\u0131\u015f dinlenme salonlar\u0131 bulunmaktad\u0131r. Geni\u015f ve ferah alanlarda televizyon izleyebilir,&hellip;<\/p>\n","protected":false},"author":6,"featured_media":1129,"parent":0,"menu_order":0,"comment_status":"closed","ping_status":"closed","template":"","meta":{"pgc_sgb_lightbox_settings":"","footnotes":""},"class_list":["post-1128","page","type-page","status-publish","has-post-thumbnail","hentry"],"yoast_head":"<!-- This site is optimized with the Yoast SEO plugin v20.13 - https:\/\/yoast.com\/wordpress\/plugins\/seo\/ -->\n<title>Dinlenme Salonu - Akdeniz \u00dcniversite Yurt<\/title>\n<meta name=\"robots\" content=\"index, follow, max-snippet:-1, max-image-preview:large, max-video-preview:-1\" \/>\n<link rel=\"canonical\" href=\"https:\/\/akdenizuniversiteyurt.com\/index.php\/dinlenme-salonu\/\" \/>\n<meta property=\"og:locale\" content=\"tr_TR\" \/>\n<meta property=\"og:type\" content=\"article\" \/>\n<meta property=\"og:title\" content=\"Dinlenme Salonu - Akdeniz \u00dcniversite Yurt\" \/>\n<meta property=\"og:description\" content=\"Rahat ve Konforlu Dinlenme Salonlar\u0131Yurtlar\u0131m\u0131zda \u00f6\u011frencilerimizin ders yo\u011funlu\u011fundan uzakla\u015f\u0131p keyifli vakit ge\u00e7irebilmeleri i\u00e7in \u00f6zel olarak tasarlanm\u0131\u015f dinlenme salonlar\u0131 bulunmaktad\u0131r. Geni\u015f ve ferah alanlarda televizyon izleyebilir,&hellip;\" \/>\n<meta property=\"og:url\" content=\"https:\/\/akdenizuniversiteyurt.com\/index.php\/dinlenme-salonu\/\" \/>\n<meta property=\"og:site_name\" content=\"Akdeniz \u00dcniversite Yurt\" \/>\n<meta property=\"article:modified_time\" content=\"2025-10-01T08:49:18+00:00\" \/>\n<meta property=\"og:image\" content=\"http:\/\/akdenizuniversiteyurt.com\/wp-content\/uploads\/2025\/10\/dinlenme-salonlari.png\" \/>\n\t<meta property=\"og:image:width\" content=\"1024\" \/>\n\t<meta property=\"og:image:height\" content=\"1024\" \/>\n\t<meta property=\"og:image:type\" content=\"image\/png\" \/>\n<meta name=\"twitter:card\" content=\"summary_large_image\" \/>\n<meta name=\"twitter:label1\" content=\"Tahmini okuma s\u00fcresi\" \/>\n\t<meta name=\"twitter:data1\" content=\"1 dakika\" \/>\n<script type=\"application\/ld+json\" class=\"yoast-schema-graph\">{\"@context\":\"https:\/\/schema.org\",\"@graph\":[{\"@type\":\"WebPage\",\"@id\":\"https:\/\/akdenizuniversiteyurt.com\/index.php\/dinlenme-salonu\/\",\"url\":\"https:\/\/akdenizuniversiteyurt.com\/index.php\/dinlenme-salonu\/\",\"name\":\"Dinlenme Salonu - Akdeniz \u00dcniversite Yurt\",\"isPartOf\":{\"@id\":\"https:\/\/akdenizuniversiteyurt.com\/#website\"},\"datePublished\":\"2025-10-01T08:33:17+00:00\",\"dateModified\":\"2025-10-01T08:49:18+00:00\",\"breadcrumb\":{\"@id\":\"https:\/\/akdenizuniversiteyurt.com\/index.php\/dinlenme-salonu\/#breadcrumb\"},\"inLanguage\":\"tr\",\"potentialAction\":[{\"@type\":\"ReadAction\",\"target\":[\"https:\/\/akdenizuniversiteyurt.com\/index.php\/dinlenme-salonu\/\"]}]},{\"@type\":\"BreadcrumbList\",\"@id\":\"https:\/\/akdenizuniversiteyurt.com\/index.php\/dinlenme-salonu\/#breadcrumb\",\"itemListElement\":[{\"@type\":\"ListItem\",\"position\":1,\"name\":\"Ana sayfa\",\"item\":\"https:\/\/akdenizuniversiteyurt.com\/\"},{\"@type\":\"ListItem\",\"position\":2,\"name\":\"Dinlenme Salonu\"}]},{\"@type\":\"WebSite\",\"@id\":\"https:\/\/akdenizuniversiteyurt.com\/#website\",\"url\":\"https:\/\/akdenizuniversiteyurt.com\/\",\"name\":\"Akdeniz \u00dcniversite Yurt\",\"description\":\"\",\"publisher\":{\"@id\":\"https:\/\/akdenizuniversiteyurt.com\/#organization\"},\"potentialAction\":[{\"@type\":\"SearchAction\",\"target\":{\"@type\":\"EntryPoint\",\"urlTemplate\":\"https:\/\/akdenizuniversiteyurt.com\/?s={search_term_string}\"},\"query-input\":\"required name=search_term_string\"}],\"inLanguage\":\"tr\"},{\"@type\":\"Organization\",\"@id\":\"https:\/\/akdenizuniversiteyurt.com\/#organization\",\"name\":\"Akdeniz \u00dcniversite Yurt\",\"url\":\"https:\/\/akdenizuniversiteyurt.com\/\",\"logo\":{\"@type\":\"ImageObject\",\"inLanguage\":\"tr\",\"@id\":\"https:\/\/akdenizuniversiteyurt.com\/#\/schema\/logo\/image\/\",\"url\":\"https:\/\/akdenizuniversiteyurt.com\/wp-content\/uploads\/2020\/10\/auy-logo.gif\",\"contentUrl\":\"https:\/\/akdenizuniversiteyurt.com\/wp-content\/uploads\/2020\/10\/auy-logo.gif\",\"width\":500,\"height\":496,\"caption\":\"Akdeniz \u00dcniversite Yurt\"},\"image\":{\"@id\":\"https:\/\/akdenizuniversiteyurt.com\/#\/schema\/logo\/image\/\"}}]}<\/script>\n<!-- \/ Yoast SEO plugin. -->","yoast_head_json":{"title":"Dinlenme Salonu - Akdeniz \u00dcniversite Yurt","robots":{"index":"index","follow":"follow","max-snippet":"max-snippet:-1","max-image-preview":"max-image-preview:large","max-video-preview":"max-video-preview:-1"},"canonical":"https:\/\/akdenizuniversiteyurt.com\/index.php\/dinlenme-salonu\/","og_locale":"tr_TR","og_type":"article","og_title":"Dinlenme Salonu - Akdeniz \u00dcniversite Yurt","og_description":"Rahat ve Konforlu Dinlenme Salonlar\u0131Yurtlar\u0131m\u0131zda \u00f6\u011frencilerimizin ders yo\u011funlu\u011fundan uzakla\u015f\u0131p keyifli vakit ge\u00e7irebilmeleri i\u00e7in \u00f6zel olarak tasarlanm\u0131\u015f dinlenme salonlar\u0131 bulunmaktad\u0131r. Geni\u015f ve ferah alanlarda televizyon izleyebilir,&hellip;","og_url":"https:\/\/akdenizuniversiteyurt.com\/index.php\/dinlenme-salonu\/","og_site_name":"Akdeniz \u00dcniversite Yurt","article_modified_time":"2025-10-01T08:49:18+00:00","og_image":[{"width":1024,"height":1024,"url":"http:\/\/akdenizuniversiteyurt.com\/wp-content\/uploads\/2025\/10\/dinlenme-salonlari.png","type":"image\/png"}],"twitter_card":"summary_large_image","twitter_misc":{"Tahmini okuma s\u00fcresi":"1 dakika"},"schema":{"@context":"https:\/\/schema.org","@graph":[{"@type":"WebPage","@id":"https:\/\/akdenizuniversiteyurt.com\/index.php\/dinlenme-salonu\/","url":"https:\/\/akdenizuniversiteyurt.com\/index.php\/dinlenme-salonu\/","name":"Dinlenme Salonu - Akdeniz \u00dcniversite Yurt","isPartOf":{"@id":"https:\/\/akdenizuniversiteyurt.com\/#website"},"datePublished":"2025-10-01T08:33:17+00:00","dateModified":"2025-10-01T08:49:18+00:00","breadcrumb":{"@id":"https:\/\/akdenizuniversiteyurt.com\/index.php\/dinlenme-salonu\/#breadcrumb"},"inLanguage":"tr","potentialAction":[{"@type":"ReadAction","target":["https:\/\/akdenizuniversiteyurt.com\/index.php\/dinlenme-salonu\/"]}]},{"@type":"BreadcrumbList","@id":"https:\/\/akdenizuniversiteyurt.com\/index.php\/dinlenme-salonu\/#breadcrumb","itemListElement":[{"@type":"ListItem","position":1,"name":"Ana sayfa","item":"https:\/\/akdenizuniversiteyurt.com\/"},{"@type":"ListItem","position":2,"name":"Dinlenme Salonu"}]},{"@type":"WebSite","@id":"https:\/\/akdenizuniversiteyurt.com\/#website","url":"https:\/\/akdenizuniversiteyurt.com\/","name":"Akdeniz \u00dcniversite Yurt","description":"","publisher":{"@id":"https:\/\/akdenizuniversiteyurt.com\/#organization"},"potentialAction":[{"@type":"SearchAction","target":{"@type":"EntryPoint","urlTemplate":"https:\/\/akdenizuniversiteyurt.com\/?s={search_term_string}"},"query-input":"required name=search_term_string"}],"inLanguage":"tr"},{"@type":"Organization","@id":"https:\/\/akdenizuniversiteyurt.com\/#organization","name":"Akdeniz \u00dcniversite Yurt","url":"https:\/\/akdenizuniversiteyurt.com\/","logo":{"@type":"ImageObject","inLanguage":"tr","@id":"https:\/\/akdenizuniversiteyurt.com\/#\/schema\/logo\/image\/","url":"https:\/\/akdenizuniversiteyurt.com\/wp-content\/uploads\/2020\/10\/auy-logo.gif","contentUrl":"https:\/\/akdenizuniversiteyurt.com\/wp-content\/uploads\/2020\/10\/auy-logo.gif","width":500,"height":496,"caption":"Akdeniz \u00dcniversite Yurt"},"image":{"@id":"https:\/\/akdenizuniversiteyurt.com\/#\/schema\/logo\/image\/"}}]}},"_links":{"self":[{"href":"https:\/\/akdenizuniversiteyurt.com\/index.php\/wp-json\/wp\/v2\/pages\/1128","targetHints":{"allow":["GET"]}}],"collection":[{"href":"https:\/\/akdenizuniversiteyurt.com\/index.php\/wp-json\/wp\/v2\/pages"}],"about":[{"href":"https:\/\/akdenizuniversiteyurt.com\/index.php\/wp-json\/wp\/v2\/types\/page"}],"author":[{"embeddable":true,"href":"https:\/\/akdenizuniversiteyurt.com\/index.php\/wp-json\/wp\/v2\/users\/6"}],"replies":[{"embeddable":true,"href":"https:\/\/akdenizuniversiteyurt.com\/index.php\/wp-json\/wp\/v2\/comments?post=1128"}],"version-history":[{"count":2,"href":"https:\/\/akdenizuniversiteyurt.com\/index.php\/wp-json\/wp\/v2\/pages\/1128\/revisions"}],"predecessor-version":[{"id":1142,"href":"https:\/\/akdenizuniversiteyurt.com\/index.php\/wp-json\/wp\/v2\/pages\/1128\/revisions\/1142"}],"wp:featuredmedia":[{"embeddable":true,"href":"https:\/\/akdenizuniversiteyurt.com\/index.php\/wp-json\/wp\/v2\/media\/1129"}],"wp:attachment":[{"href":"https:\/\/akdenizuniversiteyurt.com\/index.php\/wp-json\/wp\/v2\/media?parent=1128"}],"curies":[{"name":"wp","href":"https:\/\/api.w.org\/{rel}","templated":true}]}}