{"id":1134,"date":"2025-10-01T11:34:50","date_gmt":"2025-10-01T08:34:50","guid":{"rendered":"https:\/\/akdenizuniversiteyurt.com\/?page_id=1134"},"modified":"2025-10-01T11:47:34","modified_gmt":"2025-10-01T08:47:34","slug":"uc-ogun-sicak-yemek","status":"publish","type":"page","link":"https:\/\/akdenizuniversiteyurt.com\/index.php\/uc-ogun-sicak-yemek\/","title":{"rendered":"\u00dc\u00e7 \u00d6\u011f\u00fcn S\u0131cak Yemek"},"content":{"rendered":"\n<p><strong>Her G\u00fcn 3 \u00d6\u011f\u00fcn S\u0131cak Yemek<\/strong><br>Yurtlar\u0131m\u0131zda \u00f6\u011frencilerimizin sa\u011fl\u0131kl\u0131 ve dengeli beslenebilmesi i\u00e7in her g\u00fcn 3 \u00f6\u011f\u00fcn \u00f6zenle haz\u0131rlanm\u0131\u015f s\u0131cak yemek sunulmaktad\u0131r. Kahvalt\u0131, \u00f6\u011fle ve ak\u015fam yemeklerinde hem lezzetli hem de doyurucu men\u00fclerle \u00f6\u011frencilerimizin enerjik ve zinde kalmas\u0131 hedeflenir. Hijyenik mutfaklar\u0131m\u0131zda haz\u0131rlanan yemeklerimiz, ev s\u0131cakl\u0131\u011f\u0131nda sofralarla \u00f6\u011frencilerimize keyifli bir yemek deneyimi ya\u015fat\u0131r.<\/p>\n","protected":false},"excerpt":{"rendered":"<p>Her G\u00fcn 3 \u00d6\u011f\u00fcn S\u0131cak YemekYurtlar\u0131m\u0131zda \u00f6\u011frencilerimizin sa\u011fl\u0131kl\u0131 ve dengeli beslenebilmesi i\u00e7in her g\u00fcn 3 \u00f6\u011f\u00fcn \u00f6zenle haz\u0131rlanm\u0131\u015f s\u0131cak yemek sunulmaktad\u0131r. Kahvalt\u0131, \u00f6\u011fle ve ak\u015fam&hellip;<\/p>\n","protected":false},"author":6,"featured_media":1110,"parent":0,"menu_order":0,"comment_status":"closed","ping_status":"closed","template":"","meta":{"pgc_sgb_lightbox_settings":"","footnotes":""},"class_list":["post-1134","page","type-page","status-publish","has-post-thumbnail","hentry"],"yoast_head":"<!-- This site is optimized with the Yoast SEO plugin v20.13 - https:\/\/yoast.com\/wordpress\/plugins\/seo\/ -->\n<title>\u00dc\u00e7 \u00d6\u011f\u00fcn S\u0131cak Yemek - Akdeniz \u00dcniversite Yurt<\/title>\n<meta name=\"robots\" content=\"index, follow, max-snippet:-1, max-image-preview:large, max-video-preview:-1\" \/>\n<link rel=\"canonical\" href=\"https:\/\/akdenizuniversiteyurt.com\/index.php\/uc-ogun-sicak-yemek\/\" \/>\n<meta property=\"og:locale\" content=\"tr_TR\" \/>\n<meta property=\"og:type\" content=\"article\" \/>\n<meta property=\"og:title\" content=\"\u00dc\u00e7 \u00d6\u011f\u00fcn S\u0131cak Yemek - Akdeniz \u00dcniversite Yurt\" \/>\n<meta property=\"og:description\" content=\"Her G\u00fcn 3 \u00d6\u011f\u00fcn S\u0131cak YemekYurtlar\u0131m\u0131zda \u00f6\u011frencilerimizin sa\u011fl\u0131kl\u0131 ve dengeli beslenebilmesi i\u00e7in her g\u00fcn 3 \u00f6\u011f\u00fcn \u00f6zenle haz\u0131rlanm\u0131\u015f s\u0131cak yemek sunulmaktad\u0131r. Kahvalt\u0131, \u00f6\u011fle ve ak\u015fam&hellip;\" \/>\n<meta property=\"og:url\" content=\"https:\/\/akdenizuniversiteyurt.com\/index.php\/uc-ogun-sicak-yemek\/\" \/>\n<meta property=\"og:site_name\" content=\"Akdeniz \u00dcniversite Yurt\" \/>\n<meta property=\"article:modified_time\" content=\"2025-10-01T08:47:34+00:00\" \/>\n<meta property=\"og:image\" content=\"http:\/\/akdenizuniversiteyurt.com\/wp-content\/uploads\/2025\/10\/3-ogun-sicak-yemek.png\" \/>\n\t<meta property=\"og:image:width\" content=\"1024\" \/>\n\t<meta property=\"og:image:height\" content=\"1024\" \/>\n\t<meta property=\"og:image:type\" content=\"image\/png\" \/>\n<meta name=\"twitter:card\" content=\"summary_large_image\" \/>\n<script type=\"application\/ld+json\" class=\"yoast-schema-graph\">{\"@context\":\"https:\/\/schema.org\",\"@graph\":[{\"@type\":\"WebPage\",\"@id\":\"https:\/\/akdenizuniversiteyurt.com\/index.php\/uc-ogun-sicak-yemek\/\",\"url\":\"https:\/\/akdenizuniversiteyurt.com\/index.php\/uc-ogun-sicak-yemek\/\",\"name\":\"\u00dc\u00e7 \u00d6\u011f\u00fcn S\u0131cak Yemek - Akdeniz \u00dcniversite Yurt\",\"isPartOf\":{\"@id\":\"https:\/\/akdenizuniversiteyurt.com\/#website\"},\"datePublished\":\"2025-10-01T08:34:50+00:00\",\"dateModified\":\"2025-10-01T08:47:34+00:00\",\"breadcrumb\":{\"@id\":\"https:\/\/akdenizuniversiteyurt.com\/index.php\/uc-ogun-sicak-yemek\/#breadcrumb\"},\"inLanguage\":\"tr\",\"potentialAction\":[{\"@type\":\"ReadAction\",\"target\":[\"https:\/\/akdenizuniversiteyurt.com\/index.php\/uc-ogun-sicak-yemek\/\"]}]},{\"@type\":\"BreadcrumbList\",\"@id\":\"https:\/\/akdenizuniversiteyurt.com\/index.php\/uc-ogun-sicak-yemek\/#breadcrumb\",\"itemListElement\":[{\"@type\":\"ListItem\",\"position\":1,\"name\":\"Ana sayfa\",\"item\":\"https:\/\/akdenizuniversiteyurt.com\/\"},{\"@type\":\"ListItem\",\"position\":2,\"name\":\"\u00dc\u00e7 \u00d6\u011f\u00fcn S\u0131cak Yemek\"}]},{\"@type\":\"WebSite\",\"@id\":\"https:\/\/akdenizuniversiteyurt.com\/#website\",\"url\":\"https:\/\/akdenizuniversiteyurt.com\/\",\"name\":\"Akdeniz \u00dcniversite Yurt\",\"description\":\"\",\"publisher\":{\"@id\":\"https:\/\/akdenizuniversiteyurt.com\/#organization\"},\"potentialAction\":[{\"@type\":\"SearchAction\",\"target\":{\"@type\":\"EntryPoint\",\"urlTemplate\":\"https:\/\/akdenizuniversiteyurt.com\/?s={search_term_string}\"},\"query-input\":\"required name=search_term_string\"}],\"inLanguage\":\"tr\"},{\"@type\":\"Organization\",\"@id\":\"https:\/\/akdenizuniversiteyurt.com\/#organization\",\"name\":\"Akdeniz \u00dcniversite Yurt\",\"url\":\"https:\/\/akdenizuniversiteyurt.com\/\",\"logo\":{\"@type\":\"ImageObject\",\"inLanguage\":\"tr\",\"@id\":\"https:\/\/akdenizuniversiteyurt.com\/#\/schema\/logo\/image\/\",\"url\":\"https:\/\/akdenizuniversiteyurt.com\/wp-content\/uploads\/2020\/10\/auy-logo.gif\",\"contentUrl\":\"https:\/\/akdenizuniversiteyurt.com\/wp-content\/uploads\/2020\/10\/auy-logo.gif\",\"width\":500,\"height\":496,\"caption\":\"Akdeniz \u00dcniversite Yurt\"},\"image\":{\"@id\":\"https:\/\/akdenizuniversiteyurt.com\/#\/schema\/logo\/image\/\"}}]}<\/script>\n<!-- \/ Yoast SEO plugin. -->","yoast_head_json":{"title":"\u00dc\u00e7 \u00d6\u011f\u00fcn S\u0131cak Yemek - Akdeniz \u00dcniversite Yurt","robots":{"index":"index","follow":"follow","max-snippet":"max-snippet:-1","max-image-preview":"max-image-preview:large","max-video-preview":"max-video-preview:-1"},"canonical":"https:\/\/akdenizuniversiteyurt.com\/index.php\/uc-ogun-sicak-yemek\/","og_locale":"tr_TR","og_type":"article","og_title":"\u00dc\u00e7 \u00d6\u011f\u00fcn S\u0131cak Yemek - Akdeniz \u00dcniversite Yurt","og_description":"Her G\u00fcn 3 \u00d6\u011f\u00fcn S\u0131cak YemekYurtlar\u0131m\u0131zda \u00f6\u011frencilerimizin sa\u011fl\u0131kl\u0131 ve dengeli beslenebilmesi i\u00e7in her g\u00fcn 3 \u00f6\u011f\u00fcn \u00f6zenle haz\u0131rlanm\u0131\u015f s\u0131cak yemek sunulmaktad\u0131r. Kahvalt\u0131, \u00f6\u011fle ve ak\u015fam&hellip;","og_url":"https:\/\/akdenizuniversiteyurt.com\/index.php\/uc-ogun-sicak-yemek\/","og_site_name":"Akdeniz \u00dcniversite Yurt","article_modified_time":"2025-10-01T08:47:34+00:00","og_image":[{"width":1024,"height":1024,"url":"http:\/\/akdenizuniversiteyurt.com\/wp-content\/uploads\/2025\/10\/3-ogun-sicak-yemek.png","type":"image\/png"}],"twitter_card":"summary_large_image","schema":{"@context":"https:\/\/schema.org","@graph":[{"@type":"WebPage","@id":"https:\/\/akdenizuniversiteyurt.com\/index.php\/uc-ogun-sicak-yemek\/","url":"https:\/\/akdenizuniversiteyurt.com\/index.php\/uc-ogun-sicak-yemek\/","name":"\u00dc\u00e7 \u00d6\u011f\u00fcn S\u0131cak Yemek - Akdeniz \u00dcniversite Yurt","isPartOf":{"@id":"https:\/\/akdenizuniversiteyurt.com\/#website"},"datePublished":"2025-10-01T08:34:50+00:00","dateModified":"2025-10-01T08:47:34+00:00","breadcrumb":{"@id":"https:\/\/akdenizuniversiteyurt.com\/index.php\/uc-ogun-sicak-yemek\/#breadcrumb"},"inLanguage":"tr","potentialAction":[{"@type":"ReadAction","target":["https:\/\/akdenizuniversiteyurt.com\/index.php\/uc-ogun-sicak-yemek\/"]}]},{"@type":"BreadcrumbList","@id":"https:\/\/akdenizuniversiteyurt.com\/index.php\/uc-ogun-sicak-yemek\/#breadcrumb","itemListElement":[{"@type":"ListItem","position":1,"name":"Ana sayfa","item":"https:\/\/akdenizuniversiteyurt.com\/"},{"@type":"ListItem","position":2,"name":"\u00dc\u00e7 \u00d6\u011f\u00fcn S\u0131cak Yemek"}]},{"@type":"WebSite","@id":"https:\/\/akdenizuniversiteyurt.com\/#website","url":"https:\/\/akdenizuniversiteyurt.com\/","name":"Akdeniz \u00dcniversite Yurt","description":"","publisher":{"@id":"https:\/\/akdenizuniversiteyurt.com\/#organization"},"potentialAction":[{"@type":"SearchAction","target":{"@type":"EntryPoint","urlTemplate":"https:\/\/akdenizuniversiteyurt.com\/?s={search_term_string}"},"query-input":"required name=search_term_string"}],"inLanguage":"tr"},{"@type":"Organization","@id":"https:\/\/akdenizuniversiteyurt.com\/#organization","name":"Akdeniz \u00dcniversite Yurt","url":"https:\/\/akdenizuniversiteyurt.com\/","logo":{"@type":"ImageObject","inLanguage":"tr","@id":"https:\/\/akdenizuniversiteyurt.com\/#\/schema\/logo\/image\/","url":"https:\/\/akdenizuniversiteyurt.com\/wp-content\/uploads\/2020\/10\/auy-logo.gif","contentUrl":"https:\/\/akdenizuniversiteyurt.com\/wp-content\/uploads\/2020\/10\/auy-logo.gif","width":500,"height":496,"caption":"Akdeniz \u00dcniversite Yurt"},"image":{"@id":"https:\/\/akdenizuniversiteyurt.com\/#\/schema\/logo\/image\/"}}]}},"_links":{"self":[{"href":"https:\/\/akdenizuniversiteyurt.com\/index.php\/wp-json\/wp\/v2\/pages\/1134","targetHints":{"allow":["GET"]}}],"collection":[{"href":"https:\/\/akdenizuniversiteyurt.com\/index.php\/wp-json\/wp\/v2\/pages"}],"about":[{"href":"https:\/\/akdenizuniversiteyurt.com\/index.php\/wp-json\/wp\/v2\/types\/page"}],"author":[{"embeddable":true,"href":"https:\/\/akdenizuniversiteyurt.com\/index.php\/wp-json\/wp\/v2\/users\/6"}],"replies":[{"embeddable":true,"href":"https:\/\/akdenizuniversiteyurt.com\/index.php\/wp-json\/wp\/v2\/comments?post=1134"}],"version-history":[{"count":2,"href":"https:\/\/akdenizuniversiteyurt.com\/index.php\/wp-json\/wp\/v2\/pages\/1134\/revisions"}],"predecessor-version":[{"id":1140,"href":"https:\/\/akdenizuniversiteyurt.com\/index.php\/wp-json\/wp\/v2\/pages\/1134\/revisions\/1140"}],"wp:featuredmedia":[{"embeddable":true,"href":"https:\/\/akdenizuniversiteyurt.com\/index.php\/wp-json\/wp\/v2\/media\/1110"}],"wp:attachment":[{"href":"https:\/\/akdenizuniversiteyurt.com\/index.php\/wp-json\/wp\/v2\/media?parent=1134"}],"curies":[{"name":"wp","href":"https:\/\/api.w.org\/{rel}","templated":true}]}}