{"id":1143,"date":"2025-10-01T11:50:05","date_gmt":"2025-10-01T08:50:05","guid":{"rendered":"https:\/\/akdenizuniversiteyurt.com\/?page_id=1143"},"modified":"2025-10-01T11:51:51","modified_gmt":"2025-10-01T08:51:51","slug":"olanaklar","status":"publish","type":"page","link":"https:\/\/akdenizuniversiteyurt.com\/index.php\/olanaklar\/","title":{"rendered":"Olanaklar"},"content":{"rendered":"\t\t<div data-elementor-type=\"wp-page\" data-elementor-id=\"1143\" class=\"elementor elementor-1143\">\n\t\t\t\t\t\t\t\t\t<section class=\"elementor-section elementor-top-section elementor-element elementor-element-8918132 elementor-section-boxed elementor-section-height-default elementor-section-height-default\" data-id=\"8918132\" data-element_type=\"section\">\n\t\t\t\t\t\t<div class=\"elementor-container elementor-column-gap-default\">\n\t\t\t\t\t<div class=\"elementor-column elementor-col-100 elementor-top-column elementor-element elementor-element-77e371c\" data-id=\"77e371c\" data-element_type=\"column\">\n\t\t\t<div class=\"elementor-widget-wrap elementor-element-populated\">\n\t\t\t\t\t\t\t\t<div class=\"elementor-element elementor-element-9f7ae87 elementor-widget elementor-widget-image-gallery\" data-id=\"9f7ae87\" data-element_type=\"widget\" data-widget_type=\"image-gallery.default\">\n\t\t\t\t<div class=\"elementor-widget-container\">\n\t\t\t\t\t<div class=\"elementor-image-gallery\">\n\t\t\t<div id='gallery-1' class='gallery galleryid-1143 gallery-columns-4 gallery-size-thumbnail'><figure class='gallery-item'>\n\t\t\t<div class='gallery-icon landscape'>\n\t\t\t\t<a data-elementor-open-lightbox=\"yes\" data-elementor-lightbox-slideshow=\"9f7ae87\" data-elementor-lightbox-title=\"kablosuz internet\" data-e-action-hash=\"#elementor-action%3Aaction%3Dlightbox%26settings%3DeyJpZCI6MTEzMiwidXJsIjoiaHR0cHM6XC9cL2FrZGVuaXp1bml2ZXJzaXRleXVydC5jb21cL3dwLWNvbnRlbnRcL3VwbG9hZHNcLzIwMjVcLzEwXC9rYWJsb3N1ei1pbnRlcm5ldC5wbmciLCJzbGlkZXNob3ciOiI5ZjdhZTg3In0%3D\" href='https:\/\/akdenizuniversiteyurt.com\/wp-content\/uploads\/2025\/10\/kablosuz-internet.png'><img loading=\"lazy\" decoding=\"async\" width=\"150\" height=\"150\" src=\"https:\/\/akdenizuniversiteyurt.com\/wp-content\/uploads\/2025\/10\/kablosuz-internet-150x150.png\" class=\"attachment-thumbnail size-thumbnail\" alt=\"\" srcset=\"https:\/\/akdenizuniversiteyurt.com\/wp-content\/uploads\/2025\/10\/kablosuz-internet-150x150.png 150w, https:\/\/akdenizuniversiteyurt.com\/wp-content\/uploads\/2025\/10\/kablosuz-internet-300x300.png 300w, https:\/\/akdenizuniversiteyurt.com\/wp-content\/uploads\/2025\/10\/kablosuz-internet-768x768.png 768w, https:\/\/akdenizuniversiteyurt.com\/wp-content\/uploads\/2025\/10\/kablosuz-internet-600x600.png 600w, https:\/\/akdenizuniversiteyurt.com\/wp-content\/uploads\/2025\/10\/kablosuz-internet.png 1024w\" sizes=\"auto, (max-width: 150px) 100vw, 150px\" \/><\/a>\n\t\t\t<\/div><\/figure><figure class='gallery-item'>\n\t\t\t<div class='gallery-icon landscape'>\n\t\t\t\t<a data-elementor-open-lightbox=\"yes\" data-elementor-lightbox-slideshow=\"9f7ae87\" data-elementor-lightbox-title=\"dinlenme salonlar\u0131\" data-e-action-hash=\"#elementor-action%3Aaction%3Dlightbox%26settings%3DeyJpZCI6MTEyOSwidXJsIjoiaHR0cHM6XC9cL2FrZGVuaXp1bml2ZXJzaXRleXVydC5jb21cL3dwLWNvbnRlbnRcL3VwbG9hZHNcLzIwMjVcLzEwXC9kaW5sZW5tZS1zYWxvbmxhcmkucG5nIiwic2xpZGVzaG93IjoiOWY3YWU4NyJ9\" href='https:\/\/akdenizuniversiteyurt.com\/wp-content\/uploads\/2025\/10\/dinlenme-salonlari.png'><img loading=\"lazy\" decoding=\"async\" width=\"150\" height=\"150\" src=\"https:\/\/akdenizuniversiteyurt.com\/wp-content\/uploads\/2025\/10\/dinlenme-salonlari-150x150.png\" class=\"attachment-thumbnail size-thumbnail\" alt=\"\" srcset=\"https:\/\/akdenizuniversiteyurt.com\/wp-content\/uploads\/2025\/10\/dinlenme-salonlari-150x150.png 150w, https:\/\/akdenizuniversiteyurt.com\/wp-content\/uploads\/2025\/10\/dinlenme-salonlari-300x300.png 300w, https:\/\/akdenizuniversiteyurt.com\/wp-content\/uploads\/2025\/10\/dinlenme-salonlari-768x768.png 768w, https:\/\/akdenizuniversiteyurt.com\/wp-content\/uploads\/2025\/10\/dinlenme-salonlari-600x600.png 600w, https:\/\/akdenizuniversiteyurt.com\/wp-content\/uploads\/2025\/10\/dinlenme-salonlari.png 1024w\" sizes=\"auto, (max-width: 150px) 100vw, 150px\" \/><\/a>\n\t\t\t<\/div><\/figure><figure class='gallery-item'>\n\t\t\t<div class='gallery-icon landscape'>\n\t\t\t\t<a data-elementor-open-lightbox=\"yes\" data-elementor-lightbox-slideshow=\"9f7ae87\" data-elementor-lightbox-title=\"\u00f6zel-\u00e7ay-ocag\u0131\" data-e-action-hash=\"#elementor-action%3Aaction%3Dlightbox%26settings%3DeyJpZCI6MTEyNiwidXJsIjoiaHR0cHM6XC9cL2FrZGVuaXp1bml2ZXJzaXRleXVydC5jb21cL3dwLWNvbnRlbnRcL3VwbG9hZHNcLzIwMjVcLzEwXC9vemVsLWNheS1vY2FnaS5wbmciLCJzbGlkZXNob3ciOiI5ZjdhZTg3In0%3D\" href='https:\/\/akdenizuniversiteyurt.com\/wp-content\/uploads\/2025\/10\/ozel-cay-ocagi.png'><img loading=\"lazy\" decoding=\"async\" width=\"150\" height=\"150\" src=\"https:\/\/akdenizuniversiteyurt.com\/wp-content\/uploads\/2025\/10\/ozel-cay-ocagi-150x150.png\" class=\"attachment-thumbnail size-thumbnail\" alt=\"\" srcset=\"https:\/\/akdenizuniversiteyurt.com\/wp-content\/uploads\/2025\/10\/ozel-cay-ocagi-150x150.png 150w, https:\/\/akdenizuniversiteyurt.com\/wp-content\/uploads\/2025\/10\/ozel-cay-ocagi-300x300.png 300w, https:\/\/akdenizuniversiteyurt.com\/wp-content\/uploads\/2025\/10\/ozel-cay-ocagi-768x768.png 768w, https:\/\/akdenizuniversiteyurt.com\/wp-content\/uploads\/2025\/10\/ozel-cay-ocagi.png 1024w\" sizes=\"auto, (max-width: 150px) 100vw, 150px\" \/><\/a>\n\t\t\t<\/div><\/figure><figure class='gallery-item'>\n\t\t\t<div class='gallery-icon landscape'>\n\t\t\t\t<a data-elementor-open-lightbox=\"yes\" data-elementor-lightbox-slideshow=\"9f7ae87\" data-elementor-lightbox-title=\"k\u00fct\u00fcphane\" data-e-action-hash=\"#elementor-action%3Aaction%3Dlightbox%26settings%3DeyJpZCI6MTExOSwidXJsIjoiaHR0cHM6XC9cL2FrZGVuaXp1bml2ZXJzaXRleXVydC5jb21cL3dwLWNvbnRlbnRcL3VwbG9hZHNcLzIwMjVcLzEwXC9rdXR1cGhhbmUucG5nIiwic2xpZGVzaG93IjoiOWY3YWU4NyJ9\" href='https:\/\/akdenizuniversiteyurt.com\/wp-content\/uploads\/2025\/10\/kutuphane.png'><img loading=\"lazy\" decoding=\"async\" width=\"150\" height=\"150\" src=\"https:\/\/akdenizuniversiteyurt.com\/wp-content\/uploads\/2025\/10\/kutuphane-150x150.png\" class=\"attachment-thumbnail size-thumbnail\" alt=\"\" srcset=\"https:\/\/akdenizuniversiteyurt.com\/wp-content\/uploads\/2025\/10\/kutuphane-150x150.png 150w, https:\/\/akdenizuniversiteyurt.com\/wp-content\/uploads\/2025\/10\/kutuphane-300x300.png 300w, https:\/\/akdenizuniversiteyurt.com\/wp-content\/uploads\/2025\/10\/kutuphane-768x768.png 768w, https:\/\/akdenizuniversiteyurt.com\/wp-content\/uploads\/2025\/10\/kutuphane-600x600.png 600w, https:\/\/akdenizuniversiteyurt.com\/wp-content\/uploads\/2025\/10\/kutuphane.png 1024w\" sizes=\"auto, (max-width: 150px) 100vw, 150px\" \/><\/a>\n\t\t\t<\/div><\/figure><figure class='gallery-item'>\n\t\t\t<div class='gallery-icon landscape'>\n\t\t\t\t<a data-elementor-open-lightbox=\"yes\" data-elementor-lightbox-slideshow=\"9f7ae87\" data-elementor-lightbox-title=\"spor-salonu\" data-e-action-hash=\"#elementor-action%3Aaction%3Dlightbox%26settings%3DeyJpZCI6MTExNiwidXJsIjoiaHR0cHM6XC9cL2FrZGVuaXp1bml2ZXJzaXRleXVydC5jb21cL3dwLWNvbnRlbnRcL3VwbG9hZHNcLzIwMjVcLzEwXC9zcG9yLXNhbG9udS5wbmciLCJzbGlkZXNob3ciOiI5ZjdhZTg3In0%3D\" href='https:\/\/akdenizuniversiteyurt.com\/wp-content\/uploads\/2025\/10\/spor-salonu.png'><img loading=\"lazy\" decoding=\"async\" width=\"150\" height=\"150\" src=\"https:\/\/akdenizuniversiteyurt.com\/wp-content\/uploads\/2025\/10\/spor-salonu-150x150.png\" class=\"attachment-thumbnail size-thumbnail\" alt=\"\" srcset=\"https:\/\/akdenizuniversiteyurt.com\/wp-content\/uploads\/2025\/10\/spor-salonu-150x150.png 150w, https:\/\/akdenizuniversiteyurt.com\/wp-content\/uploads\/2025\/10\/spor-salonu-300x300.png 300w, https:\/\/akdenizuniversiteyurt.com\/wp-content\/uploads\/2025\/10\/spor-salonu-768x768.png 768w, https:\/\/akdenizuniversiteyurt.com\/wp-content\/uploads\/2025\/10\/spor-salonu-600x600.png 600w, https:\/\/akdenizuniversiteyurt.com\/wp-content\/uploads\/2025\/10\/spor-salonu.png 1024w\" sizes=\"auto, (max-width: 150px) 100vw, 150px\" \/><\/a>\n\t\t\t<\/div><\/figure><figure class='gallery-item'>\n\t\t\t<div class='gallery-icon landscape'>\n\t\t\t\t<a data-elementor-open-lightbox=\"yes\" data-elementor-lightbox-slideshow=\"9f7ae87\" data-elementor-lightbox-title=\"ders-\u00e7al\u0131\u015fma-salonlar\u0131\" data-e-action-hash=\"#elementor-action%3Aaction%3Dlightbox%26settings%3DeyJpZCI6MTExMywidXJsIjoiaHR0cHM6XC9cL2FrZGVuaXp1bml2ZXJzaXRleXVydC5jb21cL3dwLWNvbnRlbnRcL3VwbG9hZHNcLzIwMjVcLzEwXC9kZXJzLWNhbGlzbWEtc2Fsb25sYXJpLnBuZyIsInNsaWRlc2hvdyI6IjlmN2FlODcifQ%3D%3D\" href='https:\/\/akdenizuniversiteyurt.com\/wp-content\/uploads\/2025\/10\/ders-calisma-salonlari.png'><img loading=\"lazy\" decoding=\"async\" width=\"150\" height=\"150\" src=\"https:\/\/akdenizuniversiteyurt.com\/wp-content\/uploads\/2025\/10\/ders-calisma-salonlari-150x150.png\" class=\"attachment-thumbnail size-thumbnail\" alt=\"\" srcset=\"https:\/\/akdenizuniversiteyurt.com\/wp-content\/uploads\/2025\/10\/ders-calisma-salonlari-150x150.png 150w, https:\/\/akdenizuniversiteyurt.com\/wp-content\/uploads\/2025\/10\/ders-calisma-salonlari-300x300.png 300w, https:\/\/akdenizuniversiteyurt.com\/wp-content\/uploads\/2025\/10\/ders-calisma-salonlari-768x768.png 768w, https:\/\/akdenizuniversiteyurt.com\/wp-content\/uploads\/2025\/10\/ders-calisma-salonlari-600x600.png 600w, https:\/\/akdenizuniversiteyurt.com\/wp-content\/uploads\/2025\/10\/ders-calisma-salonlari.png 1024w\" sizes=\"auto, (max-width: 150px) 100vw, 150px\" \/><\/a>\n\t\t\t<\/div><\/figure><figure class='gallery-item'>\n\t\t\t<div class='gallery-icon landscape'>\n\t\t\t\t<a data-elementor-open-lightbox=\"yes\" data-elementor-lightbox-slideshow=\"9f7ae87\" data-elementor-lightbox-title=\"\u00e7ama\u015f\u0131r-\u00fct\u00fcodas\u0131\" data-e-action-hash=\"#elementor-action%3Aaction%3Dlightbox%26settings%3DeyJpZCI6MTExMiwidXJsIjoiaHR0cHM6XC9cL2FrZGVuaXp1bml2ZXJzaXRleXVydC5jb21cL3dwLWNvbnRlbnRcL3VwbG9hZHNcLzIwMjVcLzEwXC9jYW1hc2lyLXV0dW9kYXNpLnBuZyIsInNsaWRlc2hvdyI6IjlmN2FlODcifQ%3D%3D\" href='https:\/\/akdenizuniversiteyurt.com\/wp-content\/uploads\/2025\/10\/camasir-utuodasi.png'><img loading=\"lazy\" decoding=\"async\" width=\"150\" height=\"150\" src=\"https:\/\/akdenizuniversiteyurt.com\/wp-content\/uploads\/2025\/10\/camasir-utuodasi-150x150.png\" class=\"attachment-thumbnail size-thumbnail\" alt=\"\" srcset=\"https:\/\/akdenizuniversiteyurt.com\/wp-content\/uploads\/2025\/10\/camasir-utuodasi-150x150.png 150w, https:\/\/akdenizuniversiteyurt.com\/wp-content\/uploads\/2025\/10\/camasir-utuodasi-300x300.png 300w, https:\/\/akdenizuniversiteyurt.com\/wp-content\/uploads\/2025\/10\/camasir-utuodasi-768x768.png 768w, https:\/\/akdenizuniversiteyurt.com\/wp-content\/uploads\/2025\/10\/camasir-utuodasi-600x600.png 600w, https:\/\/akdenizuniversiteyurt.com\/wp-content\/uploads\/2025\/10\/camasir-utuodasi.png 1024w\" sizes=\"auto, (max-width: 150px) 100vw, 150px\" \/><\/a>\n\t\t\t<\/div><\/figure><figure class='gallery-item'>\n\t\t\t<div class='gallery-icon landscape'>\n\t\t\t\t<a data-elementor-open-lightbox=\"yes\" data-elementor-lightbox-slideshow=\"9f7ae87\" data-elementor-lightbox-title=\"7-24 s\u0131cak su\" data-e-action-hash=\"#elementor-action%3Aaction%3Dlightbox%26settings%3DeyJpZCI6MTExMSwidXJsIjoiaHR0cHM6XC9cL2FrZGVuaXp1bml2ZXJzaXRleXVydC5jb21cL3dwLWNvbnRlbnRcL3VwbG9hZHNcLzIwMjVcLzEwXC83LTI0LXNpY2FrLXN1LnBuZyIsInNsaWRlc2hvdyI6IjlmN2FlODcifQ%3D%3D\" href='https:\/\/akdenizuniversiteyurt.com\/wp-content\/uploads\/2025\/10\/7-24-sicak-su.png'><img loading=\"lazy\" decoding=\"async\" width=\"150\" height=\"150\" src=\"https:\/\/akdenizuniversiteyurt.com\/wp-content\/uploads\/2025\/10\/7-24-sicak-su-150x150.png\" class=\"attachment-thumbnail size-thumbnail\" alt=\"\" srcset=\"https:\/\/akdenizuniversiteyurt.com\/wp-content\/uploads\/2025\/10\/7-24-sicak-su-150x150.png 150w, https:\/\/akdenizuniversiteyurt.com\/wp-content\/uploads\/2025\/10\/7-24-sicak-su-300x300.png 300w, https:\/\/akdenizuniversiteyurt.com\/wp-content\/uploads\/2025\/10\/7-24-sicak-su-768x768.png 768w, https:\/\/akdenizuniversiteyurt.com\/wp-content\/uploads\/2025\/10\/7-24-sicak-su-600x600.png 600w, https:\/\/akdenizuniversiteyurt.com\/wp-content\/uploads\/2025\/10\/7-24-sicak-su.png 1024w\" sizes=\"auto, (max-width: 150px) 100vw, 150px\" \/><\/a>\n\t\t\t<\/div><\/figure><figure class='gallery-item'>\n\t\t\t<div class='gallery-icon landscape'>\n\t\t\t\t<a data-elementor-open-lightbox=\"yes\" data-elementor-lightbox-slideshow=\"9f7ae87\" data-elementor-lightbox-title=\"3 \u00f6\u011f\u00fcn s\u0131cak yemek\" data-e-action-hash=\"#elementor-action%3Aaction%3Dlightbox%26settings%3DeyJpZCI6MTExMCwidXJsIjoiaHR0cHM6XC9cL2FrZGVuaXp1bml2ZXJzaXRleXVydC5jb21cL3dwLWNvbnRlbnRcL3VwbG9hZHNcLzIwMjVcLzEwXC8zLW9ndW4tc2ljYWsteWVtZWsucG5nIiwic2xpZGVzaG93IjoiOWY3YWU4NyJ9\" href='https:\/\/akdenizuniversiteyurt.com\/wp-content\/uploads\/2025\/10\/3-ogun-sicak-yemek.png'><img loading=\"lazy\" decoding=\"async\" width=\"150\" height=\"150\" src=\"https:\/\/akdenizuniversiteyurt.com\/wp-content\/uploads\/2025\/10\/3-ogun-sicak-yemek-150x150.png\" class=\"attachment-thumbnail size-thumbnail\" alt=\"\" srcset=\"https:\/\/akdenizuniversiteyurt.com\/wp-content\/uploads\/2025\/10\/3-ogun-sicak-yemek-150x150.png 150w, https:\/\/akdenizuniversiteyurt.com\/wp-content\/uploads\/2025\/10\/3-ogun-sicak-yemek-300x300.png 300w, https:\/\/akdenizuniversiteyurt.com\/wp-content\/uploads\/2025\/10\/3-ogun-sicak-yemek-768x768.png 768w, https:\/\/akdenizuniversiteyurt.com\/wp-content\/uploads\/2025\/10\/3-ogun-sicak-yemek-600x600.png 600w, https:\/\/akdenizuniversiteyurt.com\/wp-content\/uploads\/2025\/10\/3-ogun-sicak-yemek.png 1024w\" sizes=\"auto, (max-width: 150px) 100vw, 150px\" \/><\/a>\n\t\t\t<\/div><\/figure>\n\t\t<\/div>\n\t\t<\/div>\n\t\t\t\t<\/div>\n\t\t\t\t<\/div>\n\t\t\t\t\t<\/div>\n\t\t<\/div>\n\t\t\t\t\t\t\t<\/div>\n\t\t<\/section>\n\t\t\t\t\t\t\t<\/div>\n\t\t","protected":false},"excerpt":{"rendered":"","protected":false},"author":6,"featured_media":0,"parent":0,"menu_order":0,"comment_status":"closed","ping_status":"closed","template":"","meta":{"pgc_sgb_lightbox_settings":"","footnotes":""},"class_list":["post-1143","page","type-page","status-publish","hentry"],"yoast_head":"<!-- This site is optimized with the Yoast SEO plugin v20.13 - https:\/\/yoast.com\/wordpress\/plugins\/seo\/ -->\n<title>Olanaklar - Akdeniz \u00dcniversite Yurt<\/title>\n<meta name=\"robots\" content=\"index, follow, max-snippet:-1, max-image-preview:large, max-video-preview:-1\" \/>\n<link rel=\"canonical\" href=\"https:\/\/akdenizuniversiteyurt.com\/index.php\/olanaklar\/\" \/>\n<meta property=\"og:locale\" content=\"tr_TR\" \/>\n<meta property=\"og:type\" content=\"article\" \/>\n<meta property=\"og:title\" content=\"Olanaklar - Akdeniz \u00dcniversite Yurt\" \/>\n<meta property=\"og:url\" content=\"https:\/\/akdenizuniversiteyurt.com\/index.php\/olanaklar\/\" \/>\n<meta property=\"og:site_name\" content=\"Akdeniz \u00dcniversite Yurt\" \/>\n<meta property=\"article:modified_time\" content=\"2025-10-01T08:51:51+00:00\" \/>\n<meta property=\"og:image\" content=\"http:\/\/akdenizuniversiteyurt.com\/wp-content\/uploads\/2025\/10\/kablosuz-internet-150x150.png\" \/>\n<meta name=\"twitter:card\" content=\"summary_large_image\" \/>\n<script type=\"application\/ld+json\" class=\"yoast-schema-graph\">{\"@context\":\"https:\/\/schema.org\",\"@graph\":[{\"@type\":\"WebPage\",\"@id\":\"https:\/\/akdenizuniversiteyurt.com\/index.php\/olanaklar\/\",\"url\":\"https:\/\/akdenizuniversiteyurt.com\/index.php\/olanaklar\/\",\"name\":\"Olanaklar - Akdeniz \u00dcniversite Yurt\",\"isPartOf\":{\"@id\":\"https:\/\/akdenizuniversiteyurt.com\/#website\"},\"datePublished\":\"2025-10-01T08:50:05+00:00\",\"dateModified\":\"2025-10-01T08:51:51+00:00\",\"breadcrumb\":{\"@id\":\"https:\/\/akdenizuniversiteyurt.com\/index.php\/olanaklar\/#breadcrumb\"},\"inLanguage\":\"tr\",\"potentialAction\":[{\"@type\":\"ReadAction\",\"target\":[\"https:\/\/akdenizuniversiteyurt.com\/index.php\/olanaklar\/\"]}]},{\"@type\":\"BreadcrumbList\",\"@id\":\"https:\/\/akdenizuniversiteyurt.com\/index.php\/olanaklar\/#breadcrumb\",\"itemListElement\":[{\"@type\":\"ListItem\",\"position\":1,\"name\":\"Ana sayfa\",\"item\":\"https:\/\/akdenizuniversiteyurt.com\/\"},{\"@type\":\"ListItem\",\"position\":2,\"name\":\"Olanaklar\"}]},{\"@type\":\"WebSite\",\"@id\":\"https:\/\/akdenizuniversiteyurt.com\/#website\",\"url\":\"https:\/\/akdenizuniversiteyurt.com\/\",\"name\":\"Akdeniz \u00dcniversite Yurt\",\"description\":\"\",\"publisher\":{\"@id\":\"https:\/\/akdenizuniversiteyurt.com\/#organization\"},\"potentialAction\":[{\"@type\":\"SearchAction\",\"target\":{\"@type\":\"EntryPoint\",\"urlTemplate\":\"https:\/\/akdenizuniversiteyurt.com\/?s={search_term_string}\"},\"query-input\":\"required name=search_term_string\"}],\"inLanguage\":\"tr\"},{\"@type\":\"Organization\",\"@id\":\"https:\/\/akdenizuniversiteyurt.com\/#organization\",\"name\":\"Akdeniz \u00dcniversite Yurt\",\"url\":\"https:\/\/akdenizuniversiteyurt.com\/\",\"logo\":{\"@type\":\"ImageObject\",\"inLanguage\":\"tr\",\"@id\":\"https:\/\/akdenizuniversiteyurt.com\/#\/schema\/logo\/image\/\",\"url\":\"https:\/\/akdenizuniversiteyurt.com\/wp-content\/uploads\/2020\/10\/auy-logo.gif\",\"contentUrl\":\"https:\/\/akdenizuniversiteyurt.com\/wp-content\/uploads\/2020\/10\/auy-logo.gif\",\"width\":500,\"height\":496,\"caption\":\"Akdeniz \u00dcniversite Yurt\"},\"image\":{\"@id\":\"https:\/\/akdenizuniversiteyurt.com\/#\/schema\/logo\/image\/\"}}]}<\/script>\n<!-- \/ Yoast SEO plugin. -->","yoast_head_json":{"title":"Olanaklar - Akdeniz \u00dcniversite Yurt","robots":{"index":"index","follow":"follow","max-snippet":"max-snippet:-1","max-image-preview":"max-image-preview:large","max-video-preview":"max-video-preview:-1"},"canonical":"https:\/\/akdenizuniversiteyurt.com\/index.php\/olanaklar\/","og_locale":"tr_TR","og_type":"article","og_title":"Olanaklar - Akdeniz \u00dcniversite Yurt","og_url":"https:\/\/akdenizuniversiteyurt.com\/index.php\/olanaklar\/","og_site_name":"Akdeniz \u00dcniversite Yurt","article_modified_time":"2025-10-01T08:51:51+00:00","og_image":[{"url":"http:\/\/akdenizuniversiteyurt.com\/wp-content\/uploads\/2025\/10\/kablosuz-internet-150x150.png"}],"twitter_card":"summary_large_image","schema":{"@context":"https:\/\/schema.org","@graph":[{"@type":"WebPage","@id":"https:\/\/akdenizuniversiteyurt.com\/index.php\/olanaklar\/","url":"https:\/\/akdenizuniversiteyurt.com\/index.php\/olanaklar\/","name":"Olanaklar - Akdeniz \u00dcniversite Yurt","isPartOf":{"@id":"https:\/\/akdenizuniversiteyurt.com\/#website"},"datePublished":"2025-10-01T08:50:05+00:00","dateModified":"2025-10-01T08:51:51+00:00","breadcrumb":{"@id":"https:\/\/akdenizuniversiteyurt.com\/index.php\/olanaklar\/#breadcrumb"},"inLanguage":"tr","potentialAction":[{"@type":"ReadAction","target":["https:\/\/akdenizuniversiteyurt.com\/index.php\/olanaklar\/"]}]},{"@type":"BreadcrumbList","@id":"https:\/\/akdenizuniversiteyurt.com\/index.php\/olanaklar\/#breadcrumb","itemListElement":[{"@type":"ListItem","position":1,"name":"Ana sayfa","item":"https:\/\/akdenizuniversiteyurt.com\/"},{"@type":"ListItem","position":2,"name":"Olanaklar"}]},{"@type":"WebSite","@id":"https:\/\/akdenizuniversiteyurt.com\/#website","url":"https:\/\/akdenizuniversiteyurt.com\/","name":"Akdeniz \u00dcniversite Yurt","description":"","publisher":{"@id":"https:\/\/akdenizuniversiteyurt.com\/#organization"},"potentialAction":[{"@type":"SearchAction","target":{"@type":"EntryPoint","urlTemplate":"https:\/\/akdenizuniversiteyurt.com\/?s={search_term_string}"},"query-input":"required name=search_term_string"}],"inLanguage":"tr"},{"@type":"Organization","@id":"https:\/\/akdenizuniversiteyurt.com\/#organization","name":"Akdeniz \u00dcniversite Yurt","url":"https:\/\/akdenizuniversiteyurt.com\/","logo":{"@type":"ImageObject","inLanguage":"tr","@id":"https:\/\/akdenizuniversiteyurt.com\/#\/schema\/logo\/image\/","url":"https:\/\/akdenizuniversiteyurt.com\/wp-content\/uploads\/2020\/10\/auy-logo.gif","contentUrl":"https:\/\/akdenizuniversiteyurt.com\/wp-content\/uploads\/2020\/10\/auy-logo.gif","width":500,"height":496,"caption":"Akdeniz \u00dcniversite Yurt"},"image":{"@id":"https:\/\/akdenizuniversiteyurt.com\/#\/schema\/logo\/image\/"}}]}},"_links":{"self":[{"href":"https:\/\/akdenizuniversiteyurt.com\/index.php\/wp-json\/wp\/v2\/pages\/1143","targetHints":{"allow":["GET"]}}],"collection":[{"href":"https:\/\/akdenizuniversiteyurt.com\/index.php\/wp-json\/wp\/v2\/pages"}],"about":[{"href":"https:\/\/akdenizuniversiteyurt.com\/index.php\/wp-json\/wp\/v2\/types\/page"}],"author":[{"embeddable":true,"href":"https:\/\/akdenizuniversiteyurt.com\/index.php\/wp-json\/wp\/v2\/users\/6"}],"replies":[{"embeddable":true,"href":"https:\/\/akdenizuniversiteyurt.com\/index.php\/wp-json\/wp\/v2\/comments?post=1143"}],"version-history":[{"count":4,"href":"https:\/\/akdenizuniversiteyurt.com\/index.php\/wp-json\/wp\/v2\/pages\/1143\/revisions"}],"predecessor-version":[{"id":1147,"href":"https:\/\/akdenizuniversiteyurt.com\/index.php\/wp-json\/wp\/v2\/pages\/1143\/revisions\/1147"}],"wp:attachment":[{"href":"https:\/\/akdenizuniversiteyurt.com\/index.php\/wp-json\/wp\/v2\/media?parent=1143"}],"curies":[{"name":"wp","href":"https:\/\/api.w.org\/{rel}","templated":true}]}}