{"id":296,"date":"2019-08-19T06:49:33","date_gmt":"2019-08-19T06:49:33","guid":{"rendered":"https:\/\/themepalacedemo.com\/tourist-pro\/?page_id=9"},"modified":"2025-09-08T17:50:23","modified_gmt":"2025-09-08T14:50:23","slug":"iletisim","status":"publish","type":"page","link":"https:\/\/akdenizuniversiteyurt.com\/index.php\/iletisim\/","title":{"rendered":"\u0130leti\u015fim"},"content":{"rendered":"\t\t<div data-elementor-type=\"wp-page\" data-elementor-id=\"296\" class=\"elementor elementor-296\">\n\t\t\t\t\t\t\t\t\t<section class=\"elementor-section elementor-top-section elementor-element elementor-element-3aa37de elementor-section-boxed elementor-section-height-default elementor-section-height-default\" data-id=\"3aa37de\" data-element_type=\"section\">\n\t\t\t\t\t\t<div class=\"elementor-container elementor-column-gap-default\">\n\t\t\t\t\t<div class=\"elementor-column elementor-col-100 elementor-top-column elementor-element elementor-element-0259b23\" data-id=\"0259b23\" data-element_type=\"column\">\n\t\t\t<div class=\"elementor-widget-wrap\">\n\t\t\t\t\t\t\t\t\t<\/div>\n\t\t<\/div>\n\t\t\t\t\t\t\t<\/div>\n\t\t<\/section>\n\t\t\t\t<section class=\"elementor-section elementor-top-section elementor-element elementor-element-0808aaf elementor-section-boxed elementor-section-height-default elementor-section-height-default\" data-id=\"0808aaf\" data-element_type=\"section\">\n\t\t\t\t\t\t<div class=\"elementor-container elementor-column-gap-default\">\n\t\t\t\t\t<div class=\"elementor-column elementor-col-50 elementor-top-column elementor-element elementor-element-7f6fe75\" data-id=\"7f6fe75\" data-element_type=\"column\">\n\t\t\t<div class=\"elementor-widget-wrap elementor-element-populated\">\n\t\t\t\t\t\t\t\t<div class=\"elementor-element elementor-element-626ca60 elementor-align-center elementor-invisible elementor-widget elementor-widget-button\" data-id=\"626ca60\" data-element_type=\"widget\" data-settings=\"{&quot;_animation&quot;:&quot;slideInRight&quot;}\" data-widget_type=\"button.default\">\n\t\t\t\t<div class=\"elementor-widget-container\">\n\t\t\t\t\t<div class=\"elementor-button-wrapper\">\n\t\t\t<a class=\"elementor-button elementor-button-link elementor-size-xl elementor-animation-buzz\" href=\"tel:+905427983209\">\n\t\t\t\t\t\t<span class=\"elementor-button-content-wrapper\">\n\t\t\t\t\t\t<span class=\"elementor-button-icon elementor-align-icon-left\">\n\t\t\t\t<i aria-hidden=\"true\" class=\"fas fa-phone-alt\"><\/i>\t\t\t<\/span>\n\t\t\t\t\t\t<span class=\"elementor-button-text\">0553 656 13 01<\/span>\n\t\t<\/span>\n\t\t\t\t\t<\/a>\n\t\t<\/div>\n\t\t\t\t<\/div>\n\t\t\t\t<\/div>\n\t\t\t\t\t<\/div>\n\t\t<\/div>\n\t\t\t\t<div class=\"elementor-column elementor-col-50 elementor-top-column elementor-element elementor-element-e7a4f63\" data-id=\"e7a4f63\" data-element_type=\"column\">\n\t\t\t<div class=\"elementor-widget-wrap elementor-element-populated\">\n\t\t\t\t\t\t\t\t<div class=\"elementor-element elementor-element-d9f22bd elementor-align-center elementor-invisible elementor-widget elementor-widget-button\" data-id=\"d9f22bd\" data-element_type=\"widget\" data-settings=\"{&quot;_animation&quot;:&quot;slideInLeft&quot;}\" data-widget_type=\"button.default\">\n\t\t\t\t<div class=\"elementor-widget-container\">\n\t\t\t\t\t<div class=\"elementor-button-wrapper\">\n\t\t\t<a class=\"elementor-button elementor-button-link elementor-size-xl elementor-animation-buzz\" href=\"https:\/\/wa.me\/+905427983209?text=Merhaba,%20Yurt%20hakk\u0131nda%20bilgi%20almak%20istiyorum.\">\n\t\t\t\t\t\t<span class=\"elementor-button-content-wrapper\">\n\t\t\t\t\t\t<span class=\"elementor-button-icon elementor-align-icon-left\">\n\t\t\t\t<i aria-hidden=\"true\" class=\"fab fa-whatsapp\"><\/i>\t\t\t<\/span>\n\t\t\t\t\t\t<span class=\"elementor-button-text\">0533 058 90 41<\/span>\n\t\t<\/span>\n\t\t\t\t\t<\/a>\n\t\t<\/div>\n\t\t\t\t<\/div>\n\t\t\t\t<\/div>\n\t\t\t\t\t<\/div>\n\t\t<\/div>\n\t\t\t\t\t\t\t<\/div>\n\t\t<\/section>\n\t\t\t\t<section class=\"elementor-section elementor-top-section elementor-element elementor-element-ab5aaba elementor-section-boxed elementor-section-height-default elementor-section-height-default\" data-id=\"ab5aaba\" data-element_type=\"section\">\n\t\t\t\t\t\t<div class=\"elementor-container elementor-column-gap-default\">\n\t\t\t\t\t<div class=\"elementor-column elementor-col-100 elementor-top-column elementor-element elementor-element-1a6a203\" data-id=\"1a6a203\" data-element_type=\"column\">\n\t\t\t<div class=\"elementor-widget-wrap elementor-element-populated\">\n\t\t\t\t\t\t\t\t<div class=\"elementor-element elementor-element-1fac195 elementor-widget-divider--view-line elementor-widget elementor-widget-divider\" data-id=\"1fac195\" data-element_type=\"widget\" data-widget_type=\"divider.default\">\n\t\t\t\t<div class=\"elementor-widget-container\">\n\t\t\t\t\t<div class=\"elementor-divider\">\n\t\t\t<span class=\"elementor-divider-separator\">\n\t\t\t\t\t\t<\/span>\n\t\t<\/div>\n\t\t\t\t<\/div>\n\t\t\t\t<\/div>\n\t\t\t\t\t<\/div>\n\t\t<\/div>\n\t\t\t\t\t\t\t<\/div>\n\t\t<\/section>\n\t\t\t\t<section class=\"elementor-section elementor-top-section elementor-element elementor-element-d2a0b92 elementor-section-boxed elementor-section-height-default elementor-section-height-default\" data-id=\"d2a0b92\" data-element_type=\"section\">\n\t\t\t\t\t\t<div class=\"elementor-container elementor-column-gap-default\">\n\t\t\t\t\t<div class=\"elementor-column elementor-col-50 elementor-top-column elementor-element elementor-element-fbae4c3\" data-id=\"fbae4c3\" data-element_type=\"column\">\n\t\t\t<div class=\"elementor-widget-wrap elementor-element-populated\">\n\t\t\t\t\t\t\t\t<div class=\"elementor-element elementor-element-5ffdc57 elementor-widget elementor-widget-heading\" data-id=\"5ffdc57\" data-element_type=\"widget\" data-widget_type=\"heading.default\">\n\t\t\t\t<div class=\"elementor-widget-container\">\n\t\t\t<h4 class=\"elementor-heading-title elementor-size-default\"><a href=\"mailto:info@akdenizuniversiteyurt.com\">info@akdenizuniversiteyurt.com<\/a><\/h4>\t\t<\/div>\n\t\t\t\t<\/div>\n\t\t\t\t\t<\/div>\n\t\t<\/div>\n\t\t\t\t<div class=\"elementor-column elementor-col-50 elementor-top-column elementor-element elementor-element-9652696\" data-id=\"9652696\" data-element_type=\"column\">\n\t\t\t<div class=\"elementor-widget-wrap elementor-element-populated\">\n\t\t\t\t\t\t\t\t<div class=\"elementor-element elementor-element-d1c6d3a elementor-shape-circle elementor-grid-0 e-grid-align-center elementor-widget elementor-widget-social-icons\" data-id=\"d1c6d3a\" data-element_type=\"widget\" data-settings=\"{&quot;_animation&quot;:&quot;none&quot;}\" data-widget_type=\"social-icons.default\">\n\t\t\t\t<div class=\"elementor-widget-container\">\n\t\t\t\t\t<div class=\"elementor-social-icons-wrapper elementor-grid\">\n\t\t\t\t\t\t\t<span class=\"elementor-grid-item\">\n\t\t\t\t\t<a class=\"elementor-icon elementor-social-icon elementor-social-icon-facebook elementor-animation-shrink elementor-repeater-item-b78468f\" href=\"https:\/\/facebook.com\/akdenizuniversiteyurt\" target=\"_blank\">\n\t\t\t\t\t\t<span class=\"elementor-screen-only\">Facebook<\/span>\n\t\t\t\t\t\t<i class=\"fab fa-facebook\"><\/i>\t\t\t\t\t<\/a>\n\t\t\t\t<\/span>\n\t\t\t\t\t\t\t<span class=\"elementor-grid-item\">\n\t\t\t\t\t<a class=\"elementor-icon elementor-social-icon elementor-social-icon-instagram elementor-animation-shrink elementor-repeater-item-55b6837\" href=\"https:\/\/instagram.com\/akdenizuniversiteyurt\" target=\"_blank\">\n\t\t\t\t\t\t<span class=\"elementor-screen-only\">Instagram<\/span>\n\t\t\t\t\t\t<i class=\"fab fa-instagram\"><\/i>\t\t\t\t\t<\/a>\n\t\t\t\t<\/span>\n\t\t\t\t\t\t\t<span class=\"elementor-grid-item\">\n\t\t\t\t\t<a class=\"elementor-icon elementor-social-icon elementor-social-icon-twitter elementor-animation-shrink elementor-repeater-item-bab67db\" href=\"https:\/\/twitter.com\/akdenizuniyurt\" target=\"_blank\">\n\t\t\t\t\t\t<span class=\"elementor-screen-only\">Twitter<\/span>\n\t\t\t\t\t\t<i class=\"fab fa-twitter\"><\/i>\t\t\t\t\t<\/a>\n\t\t\t\t<\/span>\n\t\t\t\t\t\t\t<span class=\"elementor-grid-item\">\n\t\t\t\t\t<a class=\"elementor-icon elementor-social-icon elementor-social-icon-youtube elementor-animation-shrink elementor-repeater-item-eecd93c\" href=\"https:\/\/www.youtube.com\/channel\/UCxKsXVb11rhV35HJsc-ZQLw?view_as=subscriber\" target=\"_blank\">\n\t\t\t\t\t\t<span class=\"elementor-screen-only\">Youtube<\/span>\n\t\t\t\t\t\t<i class=\"fab fa-youtube\"><\/i>\t\t\t\t\t<\/a>\n\t\t\t\t<\/span>\n\t\t\t\t\t<\/div>\n\t\t\t\t<\/div>\n\t\t\t\t<\/div>\n\t\t\t\t\t<\/div>\n\t\t<\/div>\n\t\t\t\t\t\t\t<\/div>\n\t\t<\/section>\n\t\t\t\t<section class=\"elementor-section elementor-top-section elementor-element elementor-element-b0278d3 elementor-section-boxed elementor-section-height-default elementor-section-height-default\" data-id=\"b0278d3\" data-element_type=\"section\">\n\t\t\t\t\t\t<div class=\"elementor-container elementor-column-gap-default\">\n\t\t\t\t\t<div class=\"elementor-column elementor-col-100 elementor-top-column elementor-element elementor-element-f2254f7\" data-id=\"f2254f7\" data-element_type=\"column\">\n\t\t\t<div class=\"elementor-widget-wrap elementor-element-populated\">\n\t\t\t\t\t\t\t\t<div class=\"elementor-element elementor-element-108e92a elementor-widget-divider--view-line elementor-widget elementor-widget-divider\" data-id=\"108e92a\" data-element_type=\"widget\" data-widget_type=\"divider.default\">\n\t\t\t\t<div class=\"elementor-widget-container\">\n\t\t\t\t\t<div class=\"elementor-divider\">\n\t\t\t<span class=\"elementor-divider-separator\">\n\t\t\t\t\t\t<\/span>\n\t\t<\/div>\n\t\t\t\t<\/div>\n\t\t\t\t<\/div>\n\t\t\t\t\t<\/div>\n\t\t<\/div>\n\t\t\t\t\t\t\t<\/div>\n\t\t<\/section>\n\t\t\t\t<section class=\"elementor-section elementor-top-section elementor-element elementor-element-7eb2b514 elementor-section-boxed elementor-section-height-default elementor-section-height-default\" data-id=\"7eb2b514\" data-element_type=\"section\">\n\t\t\t\t\t\t<div class=\"elementor-container elementor-column-gap-default\">\n\t\t\t\t\t<div class=\"elementor-column elementor-col-100 elementor-top-column elementor-element elementor-element-66bae889\" data-id=\"66bae889\" data-element_type=\"column\">\n\t\t\t<div class=\"elementor-widget-wrap elementor-element-populated\">\n\t\t\t\t\t\t\t\t<div class=\"elementor-element elementor-element-15f8cc75 elementor-widget elementor-widget-shortcode\" data-id=\"15f8cc75\" data-element_type=\"widget\" data-widget_type=\"shortcode.default\">\n\t\t\t\t<div class=\"elementor-widget-container\">\n\t\t\t\t\t<div class=\"elementor-shortcode\"><div role=\"form\" class=\"wpcf7\" id=\"wpcf7-f193-o1\" lang=\"en-US\" dir=\"ltr\">\n<div class=\"screen-reader-response\"><p role=\"status\" aria-live=\"polite\" aria-atomic=\"true\"><\/p> <ul><\/ul><\/div>\n<form action=\"\/index.php\/wp-json\/wp\/v2\/pages\/296#wpcf7-f193-o1\" method=\"post\" class=\"wpcf7-form init\" novalidate=\"novalidate\" data-status=\"init\">\n<div style=\"display: none;\">\n<input type=\"hidden\" name=\"_wpcf7\" value=\"193\" \/>\n<input type=\"hidden\" name=\"_wpcf7_version\" value=\"5.4.2\" \/>\n<input type=\"hidden\" name=\"_wpcf7_locale\" value=\"en_US\" \/>\n<input type=\"hidden\" name=\"_wpcf7_unit_tag\" value=\"wpcf7-f193-o1\" \/>\n<input type=\"hidden\" name=\"_wpcf7_container_post\" value=\"0\" \/>\n<input type=\"hidden\" name=\"_wpcf7_posted_data_hash\" value=\"\" \/>\n<\/div>\n<p><label> Ad\u0131n\u0131z (*)<br \/>\n    <span class=\"wpcf7-form-control-wrap your-name\"><input type=\"text\" name=\"your-name\" value=\"\" size=\"40\" class=\"wpcf7-form-control wpcf7-text wpcf7-validates-as-required\" aria-required=\"true\" aria-invalid=\"false\" \/><\/span> <\/label><\/p>\n<p><label> Mail Adresiniz (*)<br \/>\n    <span class=\"wpcf7-form-control-wrap your-email\"><input type=\"email\" name=\"your-email\" value=\"\" size=\"40\" class=\"wpcf7-form-control wpcf7-text wpcf7-email wpcf7-validates-as-required wpcf7-validates-as-email\" aria-required=\"true\" aria-invalid=\"false\" \/><\/span> <\/label><\/p>\n<p><label> Konu<br \/>\n    <span class=\"wpcf7-form-control-wrap your-subject\"><input type=\"text\" name=\"your-subject\" value=\"\" size=\"40\" class=\"wpcf7-form-control wpcf7-text\" aria-invalid=\"false\" \/><\/span> <\/label><\/p>\n<p><label> Mesaj\u0131n\u0131z<br \/>\n    <span class=\"wpcf7-form-control-wrap your-message\"><textarea name=\"your-message\" cols=\"40\" rows=\"10\" class=\"wpcf7-form-control wpcf7-textarea\" aria-invalid=\"false\"><\/textarea><\/span> <\/label><\/p>\n<p><input type=\"submit\" value=\"G\u00f6nder\" class=\"wpcf7-form-control wpcf7-submit\" \/><\/p>\n<div class=\"wpcf7-response-output\" aria-hidden=\"true\"><\/div><\/form><\/div><\/div>\n\t\t\t\t<\/div>\n\t\t\t\t<\/div>\n\t\t\t\t\t<\/div>\n\t\t<\/div>\n\t\t\t\t\t\t\t<\/div>\n\t\t<\/section>\n\t\t\t\t\t\t\t<\/div>\n\t\t","protected":false},"excerpt":{"rendered":"<p>0553 656 13 01 0533 058 90 41 info@akdenizuniversiteyurt.com Facebook Instagram Twitter Youtube<\/p>\n","protected":false},"author":1,"featured_media":662,"parent":0,"menu_order":0,"comment_status":"closed","ping_status":"closed","template":"","meta":{"pgc_sgb_lightbox_settings":"","footnotes":""},"class_list":["post-296","page","type-page","status-publish","has-post-thumbnail","hentry"],"yoast_head":"<!-- This site is optimized with the Yoast SEO plugin v20.13 - https:\/\/yoast.com\/wordpress\/plugins\/seo\/ -->\n<title>\u0130leti\u015fim - Akdeniz \u00dcniversite Yurt<\/title>\n<meta name=\"description\" content=\"Y\u00fcksek \u00d6\u011frenim \u00d6\u011frenci Yurdu Kepez Antalya. Akdeniz \u00dcniversitesi \u00d6\u011frencilerine \u00d6zel Kapsaml\u0131 ve Temiz Yurtlar. \u0130leti\u015fim Sayfas\u0131.\" \/>\n<meta name=\"robots\" content=\"index, follow, max-snippet:-1, max-image-preview:large, max-video-preview:-1\" \/>\n<link rel=\"canonical\" href=\"https:\/\/akdenizuniversiteyurt.com\/index.php\/iletisim\/\" \/>\n<meta property=\"og:locale\" content=\"tr_TR\" \/>\n<meta property=\"og:type\" content=\"article\" \/>\n<meta property=\"og:title\" content=\"\u0130leti\u015fim - Akdeniz \u00dcniversite Yurt\" \/>\n<meta property=\"og:description\" content=\"Y\u00fcksek \u00d6\u011frenim \u00d6\u011frenci Yurdu Kepez Antalya. Akdeniz \u00dcniversitesi \u00d6\u011frencilerine \u00d6zel Kapsaml\u0131 ve Temiz Yurtlar. \u0130leti\u015fim Sayfas\u0131.\" \/>\n<meta property=\"og:url\" content=\"https:\/\/akdenizuniversiteyurt.com\/index.php\/iletisim\/\" \/>\n<meta property=\"og:site_name\" content=\"Akdeniz \u00dcniversite Yurt\" \/>\n<meta property=\"article:modified_time\" content=\"2025-09-08T14:50:23+00:00\" \/>\n<meta property=\"og:image\" content=\"http:\/\/akdenizuniversiteyurt.com\/wp-content\/uploads\/2020\/10\/unnamed.jpg\" \/>\n\t<meta property=\"og:image:width\" content=\"512\" \/>\n\t<meta property=\"og:image:height\" content=\"215\" \/>\n\t<meta property=\"og:image:type\" content=\"image\/jpeg\" \/>\n<meta name=\"twitter:card\" content=\"summary_large_image\" \/>\n<meta name=\"twitter:label1\" content=\"Tahmini okuma s\u00fcresi\" \/>\n\t<meta name=\"twitter:data1\" content=\"1 dakika\" \/>\n<script type=\"application\/ld+json\" class=\"yoast-schema-graph\">{\"@context\":\"https:\/\/schema.org\",\"@graph\":[{\"@type\":\"WebPage\",\"@id\":\"https:\/\/akdenizuniversiteyurt.com\/index.php\/iletisim\/\",\"url\":\"https:\/\/akdenizuniversiteyurt.com\/index.php\/iletisim\/\",\"name\":\"\u0130leti\u015fim - Akdeniz \u00dcniversite Yurt\",\"isPartOf\":{\"@id\":\"https:\/\/akdenizuniversiteyurt.com\/#website\"},\"datePublished\":\"2019-08-19T06:49:33+00:00\",\"dateModified\":\"2025-09-08T14:50:23+00:00\",\"description\":\"Y\u00fcksek \u00d6\u011frenim \u00d6\u011frenci Yurdu Kepez Antalya. Akdeniz \u00dcniversitesi \u00d6\u011frencilerine \u00d6zel Kapsaml\u0131 ve Temiz Yurtlar. \u0130leti\u015fim Sayfas\u0131.\",\"breadcrumb\":{\"@id\":\"https:\/\/akdenizuniversiteyurt.com\/index.php\/iletisim\/#breadcrumb\"},\"inLanguage\":\"tr\",\"potentialAction\":[{\"@type\":\"ReadAction\",\"target\":[\"https:\/\/akdenizuniversiteyurt.com\/index.php\/iletisim\/\"]}]},{\"@type\":\"BreadcrumbList\",\"@id\":\"https:\/\/akdenizuniversiteyurt.com\/index.php\/iletisim\/#breadcrumb\",\"itemListElement\":[{\"@type\":\"ListItem\",\"position\":1,\"name\":\"Ana sayfa\",\"item\":\"https:\/\/akdenizuniversiteyurt.com\/\"},{\"@type\":\"ListItem\",\"position\":2,\"name\":\"\u0130leti\u015fim\"}]},{\"@type\":\"WebSite\",\"@id\":\"https:\/\/akdenizuniversiteyurt.com\/#website\",\"url\":\"https:\/\/akdenizuniversiteyurt.com\/\",\"name\":\"Akdeniz \u00dcniversite Yurt\",\"description\":\"\",\"publisher\":{\"@id\":\"https:\/\/akdenizuniversiteyurt.com\/#organization\"},\"potentialAction\":[{\"@type\":\"SearchAction\",\"target\":{\"@type\":\"EntryPoint\",\"urlTemplate\":\"https:\/\/akdenizuniversiteyurt.com\/?s={search_term_string}\"},\"query-input\":\"required name=search_term_string\"}],\"inLanguage\":\"tr\"},{\"@type\":\"Organization\",\"@id\":\"https:\/\/akdenizuniversiteyurt.com\/#organization\",\"name\":\"Akdeniz \u00dcniversite Yurt\",\"url\":\"https:\/\/akdenizuniversiteyurt.com\/\",\"logo\":{\"@type\":\"ImageObject\",\"inLanguage\":\"tr\",\"@id\":\"https:\/\/akdenizuniversiteyurt.com\/#\/schema\/logo\/image\/\",\"url\":\"https:\/\/akdenizuniversiteyurt.com\/wp-content\/uploads\/2020\/10\/auy-logo.gif\",\"contentUrl\":\"https:\/\/akdenizuniversiteyurt.com\/wp-content\/uploads\/2020\/10\/auy-logo.gif\",\"width\":500,\"height\":496,\"caption\":\"Akdeniz \u00dcniversite Yurt\"},\"image\":{\"@id\":\"https:\/\/akdenizuniversiteyurt.com\/#\/schema\/logo\/image\/\"}}]}<\/script>\n<!-- \/ Yoast SEO plugin. -->","yoast_head_json":{"title":"\u0130leti\u015fim - Akdeniz \u00dcniversite Yurt","description":"Y\u00fcksek \u00d6\u011frenim \u00d6\u011frenci Yurdu Kepez Antalya. Akdeniz \u00dcniversitesi \u00d6\u011frencilerine \u00d6zel Kapsaml\u0131 ve Temiz Yurtlar. \u0130leti\u015fim Sayfas\u0131.","robots":{"index":"index","follow":"follow","max-snippet":"max-snippet:-1","max-image-preview":"max-image-preview:large","max-video-preview":"max-video-preview:-1"},"canonical":"https:\/\/akdenizuniversiteyurt.com\/index.php\/iletisim\/","og_locale":"tr_TR","og_type":"article","og_title":"\u0130leti\u015fim - Akdeniz \u00dcniversite Yurt","og_description":"Y\u00fcksek \u00d6\u011frenim \u00d6\u011frenci Yurdu Kepez Antalya. Akdeniz \u00dcniversitesi \u00d6\u011frencilerine \u00d6zel Kapsaml\u0131 ve Temiz Yurtlar. \u0130leti\u015fim Sayfas\u0131.","og_url":"https:\/\/akdenizuniversiteyurt.com\/index.php\/iletisim\/","og_site_name":"Akdeniz \u00dcniversite Yurt","article_modified_time":"2025-09-08T14:50:23+00:00","og_image":[{"width":512,"height":215,"url":"http:\/\/akdenizuniversiteyurt.com\/wp-content\/uploads\/2020\/10\/unnamed.jpg","type":"image\/jpeg"}],"twitter_card":"summary_large_image","twitter_misc":{"Tahmini okuma s\u00fcresi":"1 dakika"},"schema":{"@context":"https:\/\/schema.org","@graph":[{"@type":"WebPage","@id":"https:\/\/akdenizuniversiteyurt.com\/index.php\/iletisim\/","url":"https:\/\/akdenizuniversiteyurt.com\/index.php\/iletisim\/","name":"\u0130leti\u015fim - Akdeniz \u00dcniversite Yurt","isPartOf":{"@id":"https:\/\/akdenizuniversiteyurt.com\/#website"},"datePublished":"2019-08-19T06:49:33+00:00","dateModified":"2025-09-08T14:50:23+00:00","description":"Y\u00fcksek \u00d6\u011frenim \u00d6\u011frenci Yurdu Kepez Antalya. Akdeniz \u00dcniversitesi \u00d6\u011frencilerine \u00d6zel Kapsaml\u0131 ve Temiz Yurtlar. \u0130leti\u015fim Sayfas\u0131.","breadcrumb":{"@id":"https:\/\/akdenizuniversiteyurt.com\/index.php\/iletisim\/#breadcrumb"},"inLanguage":"tr","potentialAction":[{"@type":"ReadAction","target":["https:\/\/akdenizuniversiteyurt.com\/index.php\/iletisim\/"]}]},{"@type":"BreadcrumbList","@id":"https:\/\/akdenizuniversiteyurt.com\/index.php\/iletisim\/#breadcrumb","itemListElement":[{"@type":"ListItem","position":1,"name":"Ana sayfa","item":"https:\/\/akdenizuniversiteyurt.com\/"},{"@type":"ListItem","position":2,"name":"\u0130leti\u015fim"}]},{"@type":"WebSite","@id":"https:\/\/akdenizuniversiteyurt.com\/#website","url":"https:\/\/akdenizuniversiteyurt.com\/","name":"Akdeniz \u00dcniversite Yurt","description":"","publisher":{"@id":"https:\/\/akdenizuniversiteyurt.com\/#organization"},"potentialAction":[{"@type":"SearchAction","target":{"@type":"EntryPoint","urlTemplate":"https:\/\/akdenizuniversiteyurt.com\/?s={search_term_string}"},"query-input":"required name=search_term_string"}],"inLanguage":"tr"},{"@type":"Organization","@id":"https:\/\/akdenizuniversiteyurt.com\/#organization","name":"Akdeniz \u00dcniversite Yurt","url":"https:\/\/akdenizuniversiteyurt.com\/","logo":{"@type":"ImageObject","inLanguage":"tr","@id":"https:\/\/akdenizuniversiteyurt.com\/#\/schema\/logo\/image\/","url":"https:\/\/akdenizuniversiteyurt.com\/wp-content\/uploads\/2020\/10\/auy-logo.gif","contentUrl":"https:\/\/akdenizuniversiteyurt.com\/wp-content\/uploads\/2020\/10\/auy-logo.gif","width":500,"height":496,"caption":"Akdeniz \u00dcniversite Yurt"},"image":{"@id":"https:\/\/akdenizuniversiteyurt.com\/#\/schema\/logo\/image\/"}}]}},"_links":{"self":[{"href":"https:\/\/akdenizuniversiteyurt.com\/index.php\/wp-json\/wp\/v2\/pages\/296","targetHints":{"allow":["GET"]}}],"collection":[{"href":"https:\/\/akdenizuniversiteyurt.com\/index.php\/wp-json\/wp\/v2\/pages"}],"about":[{"href":"https:\/\/akdenizuniversiteyurt.com\/index.php\/wp-json\/wp\/v2\/types\/page"}],"author":[{"embeddable":true,"href":"https:\/\/akdenizuniversiteyurt.com\/index.php\/wp-json\/wp\/v2\/users\/1"}],"replies":[{"embeddable":true,"href":"https:\/\/akdenizuniversiteyurt.com\/index.php\/wp-json\/wp\/v2\/comments?post=296"}],"version-history":[{"count":23,"href":"https:\/\/akdenizuniversiteyurt.com\/index.php\/wp-json\/wp\/v2\/pages\/296\/revisions"}],"predecessor-version":[{"id":1078,"href":"https:\/\/akdenizuniversiteyurt.com\/index.php\/wp-json\/wp\/v2\/pages\/296\/revisions\/1078"}],"wp:featuredmedia":[{"embeddable":true,"href":"https:\/\/akdenizuniversiteyurt.com\/index.php\/wp-json\/wp\/v2\/media\/662"}],"wp:attachment":[{"href":"https:\/\/akdenizuniversiteyurt.com\/index.php\/wp-json\/wp\/v2\/media?parent=296"}],"curies":[{"name":"wp","href":"https:\/\/api.w.org\/{rel}","templated":true}]}}